{"id":2615,"date":"2021-10-13T08:59:20","date_gmt":"2021-10-13T06:59:20","guid":{"rendered":"http:\/\/www.varloteaux.org\/pva\/?page_id=2615"},"modified":"2021-10-13T10:26:33","modified_gmt":"2021-10-13T08:26:33","slug":"les-solutions-dentrainement","status":"publish","type":"page","link":"http:\/\/www.varloteaux.org\/pva\/la-voltige\/les-solutions-dentrainement\/","title":{"rendered":"Les solutions d&#8217;entrainement"},"content":{"rendered":"<div data-label=\"Content\" data-id=\"content--1\" data-export-id=\"content-8\" data-category=\"content\" class=\"content-8 content-section content-section-spacing\" id=\"content-1\"  style=\"background-color: rgb(255, 255, 255);\"><div class=\"gridContainer\" > <div class=\"row middle-sm\" ><div class=\"col-sm-6 space-bottom-xs space-top-xs content-center-sm\" data-type=\"column\" > <img decoding=\"async\" class=\"shadow-large\" src=\"http:\/\/www.varloteaux.org\/pva\/wp-content\/uploads\/2020\/05\/cropped-varloteaux_pierre_17-rotated-e1589619660312.jpg\"  alt=\"\" title=\"cropped-varloteaux_pierre_17-rotated-e1589619660312.jpg\"><\/div> <div class=\"col-sm-6 content-center-sm\" data-type=\"column\" ><h2 class=\"\" >Les solutions actuelles<\/h2> <p class=\"\"  style=\"text-align: justify;\">Passons en revue les diff\u00e9rentes solutions d\u2019entrainement en voltige a\u00e9rienne, pour vous permettre de choisir celle qui vous convient le mieux !\r\n<br ><br >Il n\u2019y a pas de solution miracle, et l\u2019instructeur ou l\u2019entraineur n\u2019est pas un magicien. Mais un entrainement s\u00e9rieusement encadr\u00e9 et suivi, ainsi qu\u2019une bonne synergie entre vous et votre entraineur devrait \u00e0 coup s\u00fbr vous permettre de progresser en toute s\u00e9curit\u00e9 et en gardant une bonne motivation.<\/p> <\/div> <\/div><\/div> <\/div><div data-label=\"Overlappable\" data-id=\"overlappable--1\" data-export-id=\"overlappable-3\" data-category=\"overlappable\" class=\"overlappable-3 content-section content-section-spacing\" data-overlap=\"true\" id=\"overlappable-1\"  style=\"background-color: rgb(238, 238, 238); background-image: none;\"><div class=\"gridContainer\" > <div class=\"row bg-color-white shadow-medium\" ><div class=\"col-xs-12 col-sm-6 image-col first-image-col\" data-bg=\"image\"  style=\"background-image: url(&quot;http:\/\/www.varloteaux.org\/pva\/wp-content\/uploads\/2020\/05\/cropped-201909_Open-de-France-24.jpg&quot;);\"><\/div> <div class=\"col-xs-12 col-sm-6 content-col col-padding col-padding-xs\" > <div class=\"col-padding\" data-type=\"column\" > <h4 class=\"\"  style=\"text-align: center;\">Les diff\u00e9rents niveaux (en France)<\/h4> <p class=\"\" >En France, la F\u00e9d\u00e9ration Fran\u00e7aise A\u00e9ronautique organise chaque ann\u00e9e plusieurs comp\u00e9titions de tous niveaux.<br >\r\nCat\u00e9gorie Biplace (moins de 210 cv)<br >\r\n\u2013 Espoir<br >\r\n\u2013 Promotion<br >\r\nCat\u00e9gorie biplace (sans limitation de puissance)<br >\r\n\u2013 National 2<br >\r\nCat\u00e9gorie monoplace<br >\r\n\u2013 National 1 (ou \u201cAdvanced\u201d)<br >\r\n\u2013 Excellence (niveau interm\u00e9diaire permettant de se qualifier pour l\u2019Elite)<br >\r\n\u2013 Elite (ou \u201cUnlimited\u201d)\r\n<br ><br >Il faut obtenir une moyenne de plus de 70% sur l\u2019ensemble des programmes vol\u00e9s en comp\u00e9tition pour se qualifier au niveau sup\u00e9rieur!<\/p> <\/div> <\/div><\/div> <div class=\"row bg-color-white shadow-medium\" ><div class=\"col-xs-12 col-sm-6 content-col col-padding col-padding-xs\" > <div class=\"col-padding\" data-type=\"column\" ><h4 class=\"\"  style=\"text-align: center;\">Les diff\u00e9rents niveaux (\u00e0 l\u2019international)<\/h4> <p class=\"\"  style=\"text-align: left;\">A l\u2019international, les niveaux sont:<br >\r\n\u2013 Sportsman<br >\r\n\u2013 Intermediate<br >\r\n\u2013 Advanced<br >\r\n\u2013 Unlimited\r\n<br ><br >Il n\u2019y a bien souvent aucune obligation de r\u00e9sultat pour passer d\u2019une cat\u00e9gorie \u00e0 une autre dans la plupart des pays \u00e9trangers. Cependant, un pilote ayant obtenu plus de 60% de moyenne \u00e0 une comp\u00e9tition devra attendre 3 ans avant de pouvoir concourir dans la cat\u00e9gorie inf\u00e9rieure.<\/p> <\/div> <\/div> <div class=\"col-xs-12 col-sm-6 image-col second-image-col first-xs last-sm\" data-bg=\"image\"  style=\"background-image: url(&quot;http:\/\/www.varloteaux.org\/pva\/wp-content\/uploads\/2020\/05\/201908_WAC-Cha\u0302teauroux-079.jpg&quot;);\"><\/div> <\/div><\/div> <\/div><div data-label=\"Overlappable\" data-id=\"overlappable--2\" data-export-id=\"overlappable-1\" data-category=\"overlappable\" class=\"overlappable-1 content-section content-section-spacing\" data-overlap=\"true\" id=\"overlappable-2\"  style=\"background-color: rgb(255, 255, 255);\"><div class=\"\" > <div data-type=\"row\" class=\"row shadow-medium center-sm content-center-sm\" ><div data-type=\"column\" class=\"col-xs-12 col-sm-4 flexcol bg-color-white col-padding col-padding-small-xs\" >  <h5 class=\"\" >Quelle licence \/ Qualification pour voltiger?<\/h5> <p class=\"\"  style=\"text-align: justify;\">Voltiger, c\u2019est aussi piloter un avion. Il vous faut donc dans un premier temps obtenir une licence de pilote.\r\n<br ><br >En Europe, tout pilote qui voltige doit aussi poss\u00e9der un qualification \u201caerobatics rating\u201d, ou FCL 800.<\/p> <\/div> <div data-type=\"column\" class=\"col-xs-12 col-sm-4 flexcol bg-color2 col-padding col-padding-small-xs inverted\" > <h5 class=\"inverted\" >COMPETITIONS EN FRANCE<\/h5> <p class=\"\"  style=\"text-align: justify;\">La F\u00e9d\u00e9ration Fran\u00e7aise A\u00e9ronautique, jugeant insuffisants (\u00e0 juste titre\u2026) les pr\u00e9-requis permettant d\u2019obtenir une qualification FCL 800, demande aux pilotes souhaitant s\u2019inscrire en comp\u00e9tition de poss\u00e9der \u00e9galement un Brevet F\u00e9d\u00e9ral de Voltige (BFV).<br >\r\nIl en existe de 3 niveaux, en fonction des comp\u00e9titions vis\u00e9es.<\/p> <\/div> <div data-type=\"column\" class=\"col-xs-12 col-sm-4 flexcol bg-color6 col-padding col-padding-small-xs inverted\" > <h5 class=\"inverted\" >COMPETITIONS INTERNATIONALES<\/h5> <p class=\"\"  style=\"text-align: justify;\">Tous les comp\u00e9titeurs pr\u00e9sent\u00e9s par la France devront \u00eatre titulaires d\u2019un BFV 3 (Advanced \/ Unlimited).\r\n<br ><br >Les pilotes \u00e9trangers n\u2019ont g\u00e9n\u00e9ralement qu\u2019\u00e0 pr\u00e9senter une licence pilote avec une qualification voltige de type FCL 800.<\/p> <\/div> <\/div><\/div> <\/div><div data-label=\"Content\" data-id=\"content--2\" data-export-id=\"content-3\" data-category=\"content\" class=\"content-3 content-section content-section-spacing\" id=\"content-2\"  style=\"background-color: rgb(245, 250, 253);\"><div  class=\"gridContainer\"> <div class=\"row middle-xs\" ><div class=\"col-sm-7 full-col-left-padding full-col-right-padding\" > <div class=\"row\" ><div data-type=\"column\" class=\"space-bottom-small content-title-col content-center-sm\" >  <h2 class=\"\"  style=\"text-align: center;\">Avec qui \/ o\u00f9 s\u2019entrainer ?<\/h2> <p class=\"\"  style=\"text-align: center;\">Plusieures solutions existent, sachez choisir la plus adapt\u00e9e \u00e0 vos besoins<\/p><\/div> <\/div> <div class=\"row spaced-cols center-sm content-center-sm\" data-type=\"row\" > <div class=\"col-xs-6\" data-type=\"column\" > <h5 class=\"\" >TOUT SEUL<\/h5> <p class=\"\"  style=\"text-align: justify;\">Certainement le meilleur moyen de ne pas progresser de fa\u00e7on optimale !\r\n<br ><br >Au-del\u00e0 de l\u2019aspect s\u00e9curit\u00e9 tr\u00e8s contestable, il vous sera tr\u00e8s difficile de savoir si vos figures ont le rendu attendu. On voltige pour soi, mais aussi et surtout pour ceux qui vous observent du sol !<\/p><\/div> <div class=\"col-xs-6\" data-type=\"column\" ><h5 class=\"\" >EN CLUB<\/h5> <p class=\"\"  style=\"text-align: justify;\">De nombreux <a data-mce-href=\"http:\/\/www.enviedepiloter.fr\/FR\/Carte-Club-voltige.awp\" href=\"http:\/\/www.enviedepiloter.fr\/FR\/Carte-Club-voltige.awp\" target=\"_blank\" rel=\"noopener noreferrer\" data-mce-selected=\"inline-boundary\" data-cp-link=\"1\">clubs de voltige<\/a> proposent des formations voltige satisfaisantes, notamment sur biplace (Premiers niveaux de comp\u00e9tition).\r\n<br ><br >Beaucoup moins proposent des stages r\u00e9ellement organis\u00e9s et techniquement encadr\u00e9s pour la cat\u00e9gorie CF2 \/ monoplace.<\/p><\/div> <div class=\"col-xs-6\" data-type=\"column\" ><h5 class=\"\" >EN STAGE f\u00e9d\u00e9ral<\/h5> <p class=\"\"  style=\"text-align: justify;\">Certainement le meilleur moyen de progresser, pour ceux qui y participent.\r\n<br ><br >Chaque ann\u00e9e, la FFA s\u00e9lectionne plusieurs pilotes pour participer \u00e0 des stages encadr\u00e9s par des entraineurs de renom.<\/p><\/div> <div class=\"col-xs-6\" data-type=\"column\" ><h5 class=\"\" >En stage \u201cpriv\u00e9\u201d<\/h5> <p class=\"\"  style=\"text-align: justify;\">Comme en stage f\u00e9d\u00e9ral, vous vous retrouverez avec d\u2019autres pilotes motiv\u00e9s pour progresser, encadr\u00e9 par un entra\u00eeneur qui vous accompagnera tout au long de votre saison sportive.\r\n<br ><br >Cette solution n\u2019est bien s\u00fbr pas exclusive, vous pouvez parfaitement la combiner avec des entrainements en club ou en stage f\u00e9d\u00e9ral.<\/p><\/div> <\/div><\/div> <div class=\"col-sm-5 bg-image shadow-large-black revert-classes-holder\" data-bg=\"image\"  style=\"background-image: url(&quot;http:\/\/www.varloteaux.org\/pva\/wp-content\/uploads\/2020\/05\/cropped-201907_Le-Castellet-3-04-1.jpg&quot;);\"><\/div><\/div> <\/div><\/div><div data-label=\"Features\" data-id=\"features--1\" data-export-id=\"features-5\" data-category=\"features\" class=\"features-5 content-section-spacing\" id=\"features-1\"  style=\"background-color: rgb(255, 255, 255);\"><div class=\"gridContainer\" > <div class=\"row text-center\" ><div class=\"section-title-col\" data-type=\"column\" > <h2 class=\"\" >UNE solution avec <span style=\"color: rgb(255, 152, 0);\" >Pierre Varloteaux Aerobatics<\/span><\/h2> <p class=\"lead\" >Pas d\u2019engagement, pas d\u2019exclusivit\u00e9, vous essayez, on continue ensemble  si une bonne synergie se cr\u00e9e !<\/p><\/div> <\/div> <div class=\"row text-center\" data-type=\"row\" > <div class=\"col-xs-12 col-sm-4 col-md-4 col-padding-small\" > <div class=\"number-container\" > <div class=\"link-line left bg-color1\" ><\/div> <p class=\"number border-color1 color1\" ><span >1<\/span><\/p> <div class=\"link-line right bg-color1\" ><\/div><\/div> <div data-type=\"column\" class=\"\" ><h5 class=\"\" >CONTACT<\/h5> <p class=\"text-center\" >Contactez-moi pour faire le bilan de vos objectifs sportifs et de vos besoins<\/p><\/div> <\/div> <div class=\"col-xs-12 col-sm-4 col-md-4 col-padding-small\" > <div class=\"number-container\" > <div class=\"link-line left bg-color1\" ><\/div> <p class=\"number border-color1 color1\" ><span >2<\/span><\/p> <div class=\"link-line right bg-color1\" ><\/div><\/div> <div data-type=\"column\" class=\"\" ><h5 class=\"\" >PREMIERS VOLS<\/h5> <p class=\"text-center\" >Si besoin, nous effectuerons ensemble votre l\u00e2ch\u00e9 sur Extra 330 ou toute autre machine. Nous effectuerons ensuite un premier stage, m\u00eame sur une seule journ\u00e9e, pour mieux nous conna\u00eetre et mettre en place une strat\u00e9gie d\u2019entra\u00eenement.<\/p><\/div><\/div> <div class=\"col-xs-12 col-sm-4 col-md-4 col-padding-small\" > <div class=\"number-container\" > <div class=\"link-line left bg-color1\" ><\/div> <p class=\"number border-color1 color1\" ><span >3<\/span><\/p> <div class=\"link-line right bg-color1\" ><\/div><\/div> <div data-type=\"column\" class=\"\" ><h5 class=\"\" >STAGeS<\/h5> <p class=\"text-center\" >En fonction de vos besoins, de vos possibilit\u00e9s et de vos disponibilit\u00e9s, nous nous entrainerons ensemble sur plusieurs stages avant les \u00e9ch\u00e9ances sportives.<\/p><\/div> <\/div><div class=\"col-xs-12 col-sm-4 col-md-4 col-padding-small\" > <div class=\"number-container\" > <div class=\"link-line left bg-color1\" ><\/div> <p class=\"number border-color1 color1\" ><span >4<\/span><\/p> <div class=\"link-line right bg-color1\" ><\/div><\/div> <div data-type=\"column\" class=\"\" ><h5 class=\"\" >Comp\u00e9titions<\/h5> <p class=\"text-center\" >En fonction de mes disponibilit\u00e9s, je vous accompagnerai lors de vos comp\u00e9titions, pysiquement ou en restant joignable pour toute question ou probl\u00e8me rencontr\u00e9. Comme je sais le faire pour tous les comp\u00e9titeurs en comp\u00e9titions, m\u00eame pour ceux que je n&#8217;entraine pas.<\/p><\/div> <\/div><div class=\"col-xs-12 col-sm-4 col-md-4 col-padding-small\" > <div class=\"number-container\" > <div class=\"link-line left bg-color1\" ><\/div> <p class=\"number border-color1 color1\" ><span >5<\/span><\/p> <div class=\"link-line right bg-color1\" ><\/div><\/div> <div data-type=\"column\" class=\"\" ><h5 class=\"\" >BILAN<\/h5> <p class=\"text-center\" >A l\u2019issue de la saison sportive, nous effectuerons ensemble un bilan de l\u2019ann\u00e9e, pour am\u00e9liorer notre colaboration.<\/p><\/div> <\/div><div class=\"col-xs-12 col-sm-4 col-md-4 col-padding-small\" > <div class=\"number-container\" > <div class=\"link-line left bg-color1\" ><\/div> <p class=\"number border-color1 color1\" ><span >6<\/span><\/p> <div class=\"link-line right bg-color1\" ><\/div><\/div> <div data-type=\"column\" class=\"\" ><h5 class=\"\" >AUTRES AIDES<\/h5> <p class=\"text-center\" >Entre deux saisons sportives, nous pourrons \u00e9galement voir ce qu\u2019il convient de mettre en place pour am\u00e9liorer votre performance, avec des aides ext\u00e9rieures comme: coach sportif, pr\u00e9paration mentale, etc.s<\/p><\/div> <\/div><\/div> <\/div><\/div>","protected":false},"excerpt":{"rendered":"<p>Les solutions actuelles Passons en revue les diff\u00e9rentes solutions d\u2019entrainement en voltige a\u00e9rienne, pour vous permettre de choisir celle qui vous convient le mieux ! Il n\u2019y a pas de solution miracle, et l\u2019instructeur ou l\u2019entraineur n\u2019est pas un magicien. Mais un entrainement s\u00e9rieusement encadr\u00e9 et suivi, ainsi qu\u2019une bonne synergie entre vous et votre&hellip; <br \/> <a class=\"read-more\" href=\"http:\/\/www.varloteaux.org\/pva\/la-voltige\/les-solutions-dentrainement\/\">Read more<\/a><\/p>\n","protected":false},"author":1,"featured_media":0,"parent":856,"menu_order":0,"comment_status":"closed","ping_status":"closed","template":"pro\/page-templates\/full-width-page.php","meta":{"footnotes":""},"class_list":["post-2615","page","type-page","status-publish","hentry"],"yoast_head":"<!-- This site is optimized with the Yoast SEO plugin v25.6 - https:\/\/yoast.com\/wordpress\/plugins\/seo\/ -->\n<title>Les solutions d&#039;entrainement - Pierre Varloteaux Aerobatics<\/title>\n<meta name=\"robots\" content=\"index, follow, max-snippet:-1, max-image-preview:large, max-video-preview:-1\" \/>\n<link rel=\"canonical\" href=\"https:\/\/www.varloteaux.org\/pva\/la-voltige\/les-solutions-dentrainement\/\" \/>\n<meta property=\"og:locale\" content=\"fr_FR\" \/>\n<meta property=\"og:type\" content=\"article\" \/>\n<meta property=\"og:title\" content=\"Les solutions d&#039;entrainement - Pierre Varloteaux Aerobatics\" \/>\n<meta property=\"og:description\" content=\"Les solutions actuelles Passons en revue les diff\u00e9rentes solutions d\u2019entrainement en voltige a\u00e9rienne, pour vous permettre de choisir celle qui vous convient le mieux ! Il n\u2019y a pas de solution miracle, et l\u2019instructeur ou l\u2019entraineur n\u2019est pas un magicien. Mais un entrainement s\u00e9rieusement encadr\u00e9 et suivi, ainsi qu\u2019une bonne synergie entre vous et votre&hellip; Read more\" \/>\n<meta property=\"og:url\" content=\"https:\/\/www.varloteaux.org\/pva\/la-voltige\/les-solutions-dentrainement\/\" \/>\n<meta property=\"og:site_name\" content=\"Pierre Varloteaux Aerobatics\" \/>\n<meta property=\"article:modified_time\" content=\"2021-10-13T08:26:33+00:00\" \/>\n<meta property=\"og:image\" content=\"http:\/\/www.varloteaux.org\/pva\/wp-content\/uploads\/2020\/05\/cropped-varloteaux_pierre_17-rotated-e1589619660312.jpg\" \/>\n<meta name=\"twitter:card\" content=\"summary_large_image\" \/>\n<meta name=\"twitter:label1\" content=\"Dur\u00e9e de lecture estim\u00e9e\" \/>\n\t<meta name=\"twitter:data1\" content=\"4 minutes\" \/>\n<script type=\"application\/ld+json\" class=\"yoast-schema-graph\">{\"@context\":\"https:\/\/schema.org\",\"@graph\":[{\"@type\":\"WebPage\",\"@id\":\"https:\/\/www.varloteaux.org\/pva\/la-voltige\/les-solutions-dentrainement\/\",\"url\":\"https:\/\/www.varloteaux.org\/pva\/la-voltige\/les-solutions-dentrainement\/\",\"name\":\"Les solutions d'entrainement - Pierre Varloteaux Aerobatics\",\"isPartOf\":{\"@id\":\"https:\/\/www.varloteaux.org\/pva\/#website\"},\"primaryImageOfPage\":{\"@id\":\"https:\/\/www.varloteaux.org\/pva\/la-voltige\/les-solutions-dentrainement\/#primaryimage\"},\"image\":{\"@id\":\"https:\/\/www.varloteaux.org\/pva\/la-voltige\/les-solutions-dentrainement\/#primaryimage\"},\"thumbnailUrl\":\"http:\/\/www.varloteaux.org\/pva\/wp-content\/uploads\/2020\/05\/cropped-varloteaux_pierre_17-rotated-e1589619660312.jpg\",\"datePublished\":\"2021-10-13T06:59:20+00:00\",\"dateModified\":\"2021-10-13T08:26:33+00:00\",\"breadcrumb\":{\"@id\":\"https:\/\/www.varloteaux.org\/pva\/la-voltige\/les-solutions-dentrainement\/#breadcrumb\"},\"inLanguage\":\"fr-FR\",\"potentialAction\":[{\"@type\":\"ReadAction\",\"target\":[\"https:\/\/www.varloteaux.org\/pva\/la-voltige\/les-solutions-dentrainement\/\"]}]},{\"@type\":\"ImageObject\",\"inLanguage\":\"fr-FR\",\"@id\":\"https:\/\/www.varloteaux.org\/pva\/la-voltige\/les-solutions-dentrainement\/#primaryimage\",\"url\":\"http:\/\/www.varloteaux.org\/pva\/wp-content\/uploads\/2020\/05\/cropped-varloteaux_pierre_17-rotated-e1589619660312.jpg\",\"contentUrl\":\"http:\/\/www.varloteaux.org\/pva\/wp-content\/uploads\/2020\/05\/cropped-varloteaux_pierre_17-rotated-e1589619660312.jpg\",\"width\":1024,\"height\":683},{\"@type\":\"BreadcrumbList\",\"@id\":\"https:\/\/www.varloteaux.org\/pva\/la-voltige\/les-solutions-dentrainement\/#breadcrumb\",\"itemListElement\":[{\"@type\":\"ListItem\",\"position\":1,\"name\":\"Accueil\",\"item\":\"https:\/\/www.varloteaux.org\/pva\/\"},{\"@type\":\"ListItem\",\"position\":2,\"name\":\"La Voltige\",\"item\":\"http:\/\/www.varloteaux.org\/pva\/la-voltige\/\"},{\"@type\":\"ListItem\",\"position\":3,\"name\":\"Les solutions d&#8217;entrainement\"}]},{\"@type\":\"WebSite\",\"@id\":\"https:\/\/www.varloteaux.org\/pva\/#website\",\"url\":\"https:\/\/www.varloteaux.org\/pva\/\",\"name\":\"Pierre Varloteaux Aerobatics\",\"description\":\"Enjoy the magic world of aeroatics\",\"publisher\":{\"@id\":\"https:\/\/www.varloteaux.org\/pva\/#\/schema\/person\/ff117542a10bad295dfa2b77f4707c1e\"},\"potentialAction\":[{\"@type\":\"SearchAction\",\"target\":{\"@type\":\"EntryPoint\",\"urlTemplate\":\"https:\/\/www.varloteaux.org\/pva\/?s={search_term_string}\"},\"query-input\":{\"@type\":\"PropertyValueSpecification\",\"valueRequired\":true,\"valueName\":\"search_term_string\"}}],\"inLanguage\":\"fr-FR\"},{\"@type\":[\"Person\",\"Organization\"],\"@id\":\"https:\/\/www.varloteaux.org\/pva\/#\/schema\/person\/ff117542a10bad295dfa2b77f4707c1e\",\"name\":\"pierre.varloteaux\",\"image\":{\"@type\":\"ImageObject\",\"inLanguage\":\"fr-FR\",\"@id\":\"https:\/\/www.varloteaux.org\/pva\/#\/schema\/person\/image\/\",\"url\":\"http:\/\/www.varloteaux.org\/pva\/wp-content\/uploads\/2022\/03\/pva-droite-black.png\",\"contentUrl\":\"http:\/\/www.varloteaux.org\/pva\/wp-content\/uploads\/2022\/03\/pva-droite-black.png\",\"width\":1688,\"height\":2000,\"caption\":\"pierre.varloteaux\"},\"logo\":{\"@id\":\"https:\/\/www.varloteaux.org\/pva\/#\/schema\/person\/image\/\"},\"sameAs\":[\"http:\/\/www.varloteaux.org\/pva\"]}]}<\/script>\n<!-- \/ Yoast SEO plugin. -->","yoast_head_json":{"title":"Les solutions d'entrainement - Pierre Varloteaux Aerobatics","robots":{"index":"index","follow":"follow","max-snippet":"max-snippet:-1","max-image-preview":"max-image-preview:large","max-video-preview":"max-video-preview:-1"},"canonical":"https:\/\/www.varloteaux.org\/pva\/la-voltige\/les-solutions-dentrainement\/","og_locale":"fr_FR","og_type":"article","og_title":"Les solutions d'entrainement - Pierre Varloteaux Aerobatics","og_description":"Les solutions actuelles Passons en revue les diff\u00e9rentes solutions d\u2019entrainement en voltige a\u00e9rienne, pour vous permettre de choisir celle qui vous convient le mieux ! Il n\u2019y a pas de solution miracle, et l\u2019instructeur ou l\u2019entraineur n\u2019est pas un magicien. Mais un entrainement s\u00e9rieusement encadr\u00e9 et suivi, ainsi qu\u2019une bonne synergie entre vous et votre&hellip; Read more","og_url":"https:\/\/www.varloteaux.org\/pva\/la-voltige\/les-solutions-dentrainement\/","og_site_name":"Pierre Varloteaux Aerobatics","article_modified_time":"2021-10-13T08:26:33+00:00","og_image":[{"url":"http:\/\/www.varloteaux.org\/pva\/wp-content\/uploads\/2020\/05\/cropped-varloteaux_pierre_17-rotated-e1589619660312.jpg","type":"","width":"","height":""}],"twitter_card":"summary_large_image","twitter_misc":{"Dur\u00e9e de lecture estim\u00e9e":"4 minutes"},"schema":{"@context":"https:\/\/schema.org","@graph":[{"@type":"WebPage","@id":"https:\/\/www.varloteaux.org\/pva\/la-voltige\/les-solutions-dentrainement\/","url":"https:\/\/www.varloteaux.org\/pva\/la-voltige\/les-solutions-dentrainement\/","name":"Les solutions d'entrainement - Pierre Varloteaux Aerobatics","isPartOf":{"@id":"https:\/\/www.varloteaux.org\/pva\/#website"},"primaryImageOfPage":{"@id":"https:\/\/www.varloteaux.org\/pva\/la-voltige\/les-solutions-dentrainement\/#primaryimage"},"image":{"@id":"https:\/\/www.varloteaux.org\/pva\/la-voltige\/les-solutions-dentrainement\/#primaryimage"},"thumbnailUrl":"http:\/\/www.varloteaux.org\/pva\/wp-content\/uploads\/2020\/05\/cropped-varloteaux_pierre_17-rotated-e1589619660312.jpg","datePublished":"2021-10-13T06:59:20+00:00","dateModified":"2021-10-13T08:26:33+00:00","breadcrumb":{"@id":"https:\/\/www.varloteaux.org\/pva\/la-voltige\/les-solutions-dentrainement\/#breadcrumb"},"inLanguage":"fr-FR","potentialAction":[{"@type":"ReadAction","target":["https:\/\/www.varloteaux.org\/pva\/la-voltige\/les-solutions-dentrainement\/"]}]},{"@type":"ImageObject","inLanguage":"fr-FR","@id":"https:\/\/www.varloteaux.org\/pva\/la-voltige\/les-solutions-dentrainement\/#primaryimage","url":"http:\/\/www.varloteaux.org\/pva\/wp-content\/uploads\/2020\/05\/cropped-varloteaux_pierre_17-rotated-e1589619660312.jpg","contentUrl":"http:\/\/www.varloteaux.org\/pva\/wp-content\/uploads\/2020\/05\/cropped-varloteaux_pierre_17-rotated-e1589619660312.jpg","width":1024,"height":683},{"@type":"BreadcrumbList","@id":"https:\/\/www.varloteaux.org\/pva\/la-voltige\/les-solutions-dentrainement\/#breadcrumb","itemListElement":[{"@type":"ListItem","position":1,"name":"Accueil","item":"https:\/\/www.varloteaux.org\/pva\/"},{"@type":"ListItem","position":2,"name":"La Voltige","item":"http:\/\/www.varloteaux.org\/pva\/la-voltige\/"},{"@type":"ListItem","position":3,"name":"Les solutions d&#8217;entrainement"}]},{"@type":"WebSite","@id":"https:\/\/www.varloteaux.org\/pva\/#website","url":"https:\/\/www.varloteaux.org\/pva\/","name":"Pierre Varloteaux Aerobatics","description":"Enjoy the magic world of aeroatics","publisher":{"@id":"https:\/\/www.varloteaux.org\/pva\/#\/schema\/person\/ff117542a10bad295dfa2b77f4707c1e"},"potentialAction":[{"@type":"SearchAction","target":{"@type":"EntryPoint","urlTemplate":"https:\/\/www.varloteaux.org\/pva\/?s={search_term_string}"},"query-input":{"@type":"PropertyValueSpecification","valueRequired":true,"valueName":"search_term_string"}}],"inLanguage":"fr-FR"},{"@type":["Person","Organization"],"@id":"https:\/\/www.varloteaux.org\/pva\/#\/schema\/person\/ff117542a10bad295dfa2b77f4707c1e","name":"pierre.varloteaux","image":{"@type":"ImageObject","inLanguage":"fr-FR","@id":"https:\/\/www.varloteaux.org\/pva\/#\/schema\/person\/image\/","url":"http:\/\/www.varloteaux.org\/pva\/wp-content\/uploads\/2022\/03\/pva-droite-black.png","contentUrl":"http:\/\/www.varloteaux.org\/pva\/wp-content\/uploads\/2022\/03\/pva-droite-black.png","width":1688,"height":2000,"caption":"pierre.varloteaux"},"logo":{"@id":"https:\/\/www.varloteaux.org\/pva\/#\/schema\/person\/image\/"},"sameAs":["http:\/\/www.varloteaux.org\/pva"]}]}},"_links":{"self":[{"href":"http:\/\/www.varloteaux.org\/pva\/wp-json\/wp\/v2\/pages\/2615","targetHints":{"allow":["GET"]}}],"collection":[{"href":"http:\/\/www.varloteaux.org\/pva\/wp-json\/wp\/v2\/pages"}],"about":[{"href":"http:\/\/www.varloteaux.org\/pva\/wp-json\/wp\/v2\/types\/page"}],"author":[{"embeddable":true,"href":"http:\/\/www.varloteaux.org\/pva\/wp-json\/wp\/v2\/users\/1"}],"replies":[{"embeddable":true,"href":"http:\/\/www.varloteaux.org\/pva\/wp-json\/wp\/v2\/comments?post=2615"}],"version-history":[{"count":0,"href":"http:\/\/www.varloteaux.org\/pva\/wp-json\/wp\/v2\/pages\/2615\/revisions"}],"up":[{"embeddable":true,"href":"http:\/\/www.varloteaux.org\/pva\/wp-json\/wp\/v2\/pages\/856"}],"wp:attachment":[{"href":"http:\/\/www.varloteaux.org\/pva\/wp-json\/wp\/v2\/media?parent=2615"}],"curies":[{"name":"wp","href":"https:\/\/api.w.org\/{rel}","templated":true}]}}