{"id":572,"date":"2019-11-28T19:08:33","date_gmt":"2019-11-28T18:08:33","guid":{"rendered":"http:\/\/www.varloteaux.org\/fva\/?page_id=572"},"modified":"2022-01-16T15:34:44","modified_gmt":"2022-01-16T14:34:44","slug":"repartitions-disponibilites-avions","status":"publish","type":"page","link":"http:\/\/www.varloteaux.org\/fva\/repartitions-disponibilites-avions\/","title":{"rendered":"R\u00e9partitions et disponibilit\u00e9s des avions"},"content":{"rendered":"<div  data-label=\"Portfolio\" data-id=\"portfolio--1\" data-export-id=\"portfolio-5\" data-category=\"portfolio\" class=\"portfolio-5 content-section content-section-spacing\" id=\"portfolio-1\" style=\"background-color: rgb(255, 255, 255);\"><div  class=\"gridContainer\"> <div  class=\"row text-center\"><div  class=\"section-title-col\" data-type=\"column\">  <\/div> <\/div> <div  class=\"row space-bottom spaced-cols\" data-type=\"row\"> <div  class=\"col-xs-12 col-sm-4 text-center col-md-6 \"> <div  class=\"card no-padding bordered\"> <div  data-hover-fx=\"portfolio-6\" class=\"contentswap-effect\"> <div  class=\"initial-image\"> <img decoding=\"async\"  data-size=\"500x333\" src=\"http:\/\/www.varloteaux.org\/fva\/wp-content\/uploads\/2022\/01\/cropped-202110_Castellet-PVA-18.jpg\"><\/div> <div  class=\"overlay bg-color6\"><\/div> <div  class=\"swap-inner col-xs-12\"> <div  class=\"row full-height-row middle-xs middle-sm\"> <div  class=\"col-xs-12 text-center content-holder\"> <a class=\"button small color2 white-text outline\" href=\"http:\/\/www.varloteaux.org\/fva\/avions-stages\" target=\"_self\" data-cp-link=\"1\" data-icon=\"fa-arrow-circle-o-right\" rel=\"noopener\" marked=\"1\"><span class=\"button-icon fa fa-arrow-circle-o-right\" ><\/span>READ MORE\u2026<\/a><\/div> <\/div><\/div> <\/div> <div  class=\"col-xs-12\"> <div  class=\"space-bottom space-top\" data-type=\"column\"> <h5  class=\"\">Les avions en stage<\/h5> <p  class=\"small italic\">Voir la r\u00e9partition des avions en France et \u00e0 l\u2019\u00e9tranger pendant la p\u00e9riode des stages.<\/p><\/div> <\/div><\/div> <\/div>  <div  class=\"col-xs-12 col-sm-4 text-center col-md-6 \"> <div  class=\"card no-padding bordered\"> <div  data-hover-fx=\"portfolio-6\" class=\"contentswap-effect\"> <div  class=\"initial-image\"> <img decoding=\"async\"  data-size=\"500x333\" src=\"http:\/\/www.varloteaux.org\/fva\/wp-content\/uploads\/2019\/11\/cropped-201908_WAC-Cha%CC%82teauroux-081.jpg\"><\/div> <div  class=\"overlay bg-color6\"><\/div> <div  class=\"swap-inner col-xs-12\"> <div  class=\"row full-height-row middle-xs middle-sm\"> <div  class=\"col-xs-12 text-center content-holder\"> <a class=\"button small force-shadow color2 white-text outline\" href=\"http:\/\/www.varloteaux.org\/fva\/disponibilites-competitions\" target=\"_self\" data-cp-link=\"1\" data-icon=\"fa-arrow-circle-o-right\" rel=\"noopener\" marked=\"1\"><span  class=\"button-icon fa fa-arrow-circle-o-right\"><\/span>READ MORE\u2026<\/a><\/div> <\/div><\/div> <\/div> <div  class=\"col-xs-12\"> <div  class=\"space-bottom space-top\" data-type=\"column\"> <h5  class=\"\">Comp\u00e9titions 2022<\/h5> <p  class=\"small italic\">N\u2019h\u00e9sitez pas \u00e0 nous contacter pour&nbsp; toute demande ou recherche de solution !<\/p><\/div> <\/div><\/div> <\/div><\/div> <div  class=\"row\"><div  data-type=\"column\" class=\"col-xs-12 text-center\"> <\/div> <\/div><\/div> <\/div><div  data-label=\"Contact\" data-id=\"contact--1\" data-export-id=\"contact-1\" data-category=\"contact\" class=\"contact-1 content-section content-section-spacing white-text everlasting_sky\" data-parallax-depth=\"20\" id=\"contact-1\" data-section-ov=\"1\"><div  class=\"gridContainer\"> <div  class=\"row text-center\"><div  class=\"section-title-col\" data-type=\"column\"> <p  class=\"lead\"><span  style=\"font-weight: 400;\">Un peu perdu ?<\/span><\/p><h2  class=\"\">CONTACTEZ-NOUS !<\/h2> <p  class=\"lead\">Par email \u00e0: fva.aero@gmail.com<br >\nPar t\u00e9l\u00e9phone \/ WhatsApp \u00e0: +33 614 49 18 38<br >\nOu en utilisant le formulaire de contact ci-dessous<\/p><\/div> <\/div> <div  class=\"row text-center\"> <div  class=\"col-xs-12 col-sm-8 col-sm-offset-2 contact-form-wrapper inline-info\"> <div  class=\"card large-padding\"> <div  class=\"\" data-content-shortcode=\"mesmerize_contact_form shortcode=&quot;wpforms id=&amp;amp;quot;55&amp;amp;quot;&quot;\" data-editable=\"true\"><div class=\"wpforms-container wpforms-container-full\" id=\"wpforms-55\"><form id=\"wpforms-form-55\" class=\"wpforms-validate wpforms-form\" data-formid=\"55\" method=\"post\" enctype=\"multipart\/form-data\" action=\"\/fva\/wp-json\/wp\/v2\/pages\/572\" data-token=\"54e901042e5a93e10087ab33d2d4ce47\"><noscript class=\"wpforms-error-noscript\">Veuillez activer JavaScript dans votre navigateur pour remplir ce formulaire.<\/noscript><div class=\"wpforms-field-container\"><div id=\"wpforms-55-field_0-container\" class=\"wpforms-field wpforms-field-name\" data-field-id=\"0\"><label class=\"wpforms-field-label\" for=\"wpforms-55-field_0\">Nom \/ Name <span class=\"wpforms-required-label\">*<\/span><\/label><div class=\"wpforms-field-row wpforms-field-large\"><div class=\"wpforms-field-row-block wpforms-first wpforms-one-half\"><input type=\"text\" id=\"wpforms-55-field_0\" class=\"wpforms-field-name-first wpforms-field-required\" name=\"wpforms[fields][0][first]\" required><label for=\"wpforms-55-field_0\" class=\"wpforms-field-sublabel after \">Pr\u00e9nom<\/label><\/div><div class=\"wpforms-field-row-block wpforms-one-half\"><input type=\"text\" id=\"wpforms-55-field_0-last\" class=\"wpforms-field-name-last wpforms-field-required\" name=\"wpforms[fields][0][last]\" required><label for=\"wpforms-55-field_0-last\" class=\"wpforms-field-sublabel after \">Nom<\/label><\/div><\/div><\/div><div id=\"wpforms-55-field_1-container\" class=\"wpforms-field wpforms-field-email\" data-field-id=\"1\"><label class=\"wpforms-field-label\" for=\"wpforms-55-field_1\">Email <span class=\"wpforms-required-label\">*<\/span><\/label><div class=\"wpforms-field-row wpforms-field-large\"><div class=\"wpforms-field-row-block wpforms-one-half wpforms-first\"><input type=\"email\" id=\"wpforms-55-field_1\" class=\"wpforms-field-required wpforms-field-email-primary\" name=\"wpforms[fields][1][primary]\" spellcheck=\"false\" required><label for=\"wpforms-55-field_1\" class=\"wpforms-field-sublabel after \">E-mail<\/label><\/div><div class=\"wpforms-field-row-block wpforms-one-half\"><input type=\"email\" id=\"wpforms-55-field_1-secondary\" class=\"wpforms-field-email-secondary wpforms-field-required\" data-rule-confirm=\"#wpforms-55-field_1\" name=\"wpforms[fields][1][secondary]\" spellcheck=\"false\" required><label for=\"wpforms-55-field_1-secondary\" class=\"wpforms-field-sublabel after \">Confirmez l\u2019e-mail<\/label><\/div><\/div><\/div><div id=\"wpforms-55-field_3-container\" class=\"wpforms-field wpforms-field-text\" data-field-id=\"3\"><label class=\"wpforms-field-label\" for=\"wpforms-55-field_3\">Sujet \/ Topic <span class=\"wpforms-required-label\">*<\/span><\/label><input type=\"text\" id=\"wpforms-55-field_3\" class=\"wpforms-field-medium wpforms-field-required\" name=\"wpforms[fields][3]\" required><\/div><div id=\"wpforms-55-field_2-container\" class=\"wpforms-field wpforms-field-textarea\" data-field-id=\"2\"><label class=\"wpforms-field-label\" for=\"wpforms-55-field_2\">Comment or Message <span class=\"wpforms-required-label\">*<\/span><\/label><textarea id=\"wpforms-55-field_2\" class=\"wpforms-field-large wpforms-field-required\" name=\"wpforms[fields][2]\" required><\/textarea><\/div><\/div><!-- .wpforms-field-container --><div class=\"wpforms-field wpforms-field-hp\"><label for=\"wpforms-55-field-hp\" class=\"wpforms-field-label\">Name<\/label><input type=\"text\" name=\"wpforms[hp]\" id=\"wpforms-55-field-hp\" class=\"wpforms-field-medium\"><\/div><div class=\"wpforms-submit-container\" ><input type=\"hidden\" name=\"wpforms[id]\" value=\"55\"><input type=\"hidden\" name=\"wpforms[author]\" value=\"1\"><button type=\"submit\" name=\"wpforms[submit]\" id=\"wpforms-submit-55\" class=\"wpforms-submit button color1\" data-alt-text=\"Sending...\" data-submit-text=\"Envoyer \/ Send\" aria-live=\"assertive\" value=\"wpforms-submit\">Envoyer \/ Send<\/button><\/div><\/form><\/div>  <!-- .wpforms-container --><\/div><\/div> <\/div><\/div> <\/div><\/div>","protected":false},"excerpt":{"rendered":"<p>READ MORE\u2026 Les avions en stage Voir la r\u00e9partition des avions en France et \u00e0 l\u2019\u00e9tranger pendant la p\u00e9riode des stages. READ MORE\u2026 Comp\u00e9titions 2022 N\u2019h\u00e9sitez pas \u00e0 nous contacter pour&nbsp; toute demande ou recherche de solution ! Un peu perdu ?CONTACTEZ-NOUS ! Par email \u00e0: fva.aero@gmail.com Par t\u00e9l\u00e9phone \/ WhatsApp \u00e0: +33 614 49&hellip; <br \/> <a class=\"read-more\" href=\"http:\/\/www.varloteaux.org\/fva\/repartitions-disponibilites-avions\/\">Lire la suite<\/a><\/p>\n","protected":false},"author":1,"featured_media":0,"parent":0,"menu_order":0,"comment_status":"closed","ping_status":"closed","template":"pro\/page-templates\/full-width-page.php","meta":[],"yoast_head":"<!-- This site is optimized with the Yoast SEO plugin v20.7 - https:\/\/yoast.com\/wordpress\/plugins\/seo\/ -->\n<title>R\u00e9partitions et disponibilit\u00e9s des avions - FHAL VARLOTEAUX AIRCRAFT<\/title>\n<meta name=\"robots\" content=\"index, follow, max-snippet:-1, max-image-preview:large, max-video-preview:-1\" \/>\n<link rel=\"canonical\" href=\"http:\/\/www.varloteaux.org\/fva\/repartitions-disponibilites-avions\/\" \/>\n<meta property=\"og:locale\" content=\"fr_FR\" \/>\n<meta property=\"og:type\" content=\"article\" \/>\n<meta property=\"og:title\" content=\"R\u00e9partitions et disponibilit\u00e9s des avions - FHAL VARLOTEAUX AIRCRAFT\" \/>\n<meta property=\"og:description\" content=\"READ MORE\u2026 Les avions en stage Voir la r\u00e9partition des avions en France et \u00e0 l\u2019\u00e9tranger pendant la p\u00e9riode des stages. READ MORE\u2026 Comp\u00e9titions 2022 N\u2019h\u00e9sitez pas \u00e0 nous contacter pour&nbsp; toute demande ou recherche de solution ! Un peu perdu ?CONTACTEZ-NOUS ! Par email \u00e0: fva.aero@gmail.com Par t\u00e9l\u00e9phone \/ WhatsApp \u00e0: +33 614 49&hellip; Lire la suite\" \/>\n<meta property=\"og:url\" content=\"http:\/\/www.varloteaux.org\/fva\/repartitions-disponibilites-avions\/\" \/>\n<meta property=\"og:site_name\" content=\"FHAL VARLOTEAUX AIRCRAFT\" \/>\n<meta property=\"article:modified_time\" content=\"2022-01-16T14:34:44+00:00\" \/>\n<meta property=\"og:image\" content=\"http:\/\/www.varloteaux.org\/fva\/wp-content\/uploads\/2022\/01\/cropped-202110_Castellet-PVA-18.jpg\" \/>\n<meta name=\"twitter:card\" content=\"summary_large_image\" \/>\n<script type=\"application\/ld+json\" class=\"yoast-schema-graph\">{\"@context\":\"https:\/\/schema.org\",\"@graph\":[{\"@type\":\"WebPage\",\"@id\":\"http:\/\/www.varloteaux.org\/fva\/repartitions-disponibilites-avions\/\",\"url\":\"http:\/\/www.varloteaux.org\/fva\/repartitions-disponibilites-avions\/\",\"name\":\"R\u00e9partitions et disponibilit\u00e9s des avions - FHAL VARLOTEAUX AIRCRAFT\",\"isPartOf\":{\"@id\":\"http:\/\/www.varloteaux.org\/fva\/#website\"},\"datePublished\":\"2019-11-28T18:08:33+00:00\",\"dateModified\":\"2022-01-16T14:34:44+00:00\",\"breadcrumb\":{\"@id\":\"http:\/\/www.varloteaux.org\/fva\/repartitions-disponibilites-avions\/#breadcrumb\"},\"inLanguage\":\"fr-FR\",\"potentialAction\":[{\"@type\":\"ReadAction\",\"target\":[\"http:\/\/www.varloteaux.org\/fva\/repartitions-disponibilites-avions\/\"]}]},{\"@type\":\"BreadcrumbList\",\"@id\":\"http:\/\/www.varloteaux.org\/fva\/repartitions-disponibilites-avions\/#breadcrumb\",\"itemListElement\":[{\"@type\":\"ListItem\",\"position\":1,\"name\":\"Home\",\"item\":\"http:\/\/www.varloteaux.org\/fva\/\"},{\"@type\":\"ListItem\",\"position\":2,\"name\":\"R\u00e9partitions et disponibilit\u00e9s des avions\"}]},{\"@type\":\"WebSite\",\"@id\":\"http:\/\/www.varloteaux.org\/fva\/#website\",\"url\":\"http:\/\/www.varloteaux.org\/fva\/\",\"name\":\"FHAL VARLOTEAUX AIRCRAFT\",\"description\":\"SOLUTIONS FOR AEROBATICS\",\"potentialAction\":[{\"@type\":\"SearchAction\",\"target\":{\"@type\":\"EntryPoint\",\"urlTemplate\":\"http:\/\/www.varloteaux.org\/fva\/?s={search_term_string}\"},\"query-input\":\"required name=search_term_string\"}],\"inLanguage\":\"fr-FR\"}]}<\/script>\n<!-- \/ Yoast SEO plugin. -->","yoast_head_json":{"title":"R\u00e9partitions et disponibilit\u00e9s des avions - FHAL VARLOTEAUX AIRCRAFT","robots":{"index":"index","follow":"follow","max-snippet":"max-snippet:-1","max-image-preview":"max-image-preview:large","max-video-preview":"max-video-preview:-1"},"canonical":"http:\/\/www.varloteaux.org\/fva\/repartitions-disponibilites-avions\/","og_locale":"fr_FR","og_type":"article","og_title":"R\u00e9partitions et disponibilit\u00e9s des avions - FHAL VARLOTEAUX AIRCRAFT","og_description":"READ MORE\u2026 Les avions en stage Voir la r\u00e9partition des avions en France et \u00e0 l\u2019\u00e9tranger pendant la p\u00e9riode des stages. READ MORE\u2026 Comp\u00e9titions 2022 N\u2019h\u00e9sitez pas \u00e0 nous contacter pour&nbsp; toute demande ou recherche de solution ! Un peu perdu ?CONTACTEZ-NOUS ! Par email \u00e0: fva.aero@gmail.com Par t\u00e9l\u00e9phone \/ WhatsApp \u00e0: +33 614 49&hellip; Lire la suite","og_url":"http:\/\/www.varloteaux.org\/fva\/repartitions-disponibilites-avions\/","og_site_name":"FHAL VARLOTEAUX AIRCRAFT","article_modified_time":"2022-01-16T14:34:44+00:00","og_image":[{"url":"http:\/\/www.varloteaux.org\/fva\/wp-content\/uploads\/2022\/01\/cropped-202110_Castellet-PVA-18.jpg"}],"twitter_card":"summary_large_image","schema":{"@context":"https:\/\/schema.org","@graph":[{"@type":"WebPage","@id":"http:\/\/www.varloteaux.org\/fva\/repartitions-disponibilites-avions\/","url":"http:\/\/www.varloteaux.org\/fva\/repartitions-disponibilites-avions\/","name":"R\u00e9partitions et disponibilit\u00e9s des avions - FHAL VARLOTEAUX AIRCRAFT","isPartOf":{"@id":"http:\/\/www.varloteaux.org\/fva\/#website"},"datePublished":"2019-11-28T18:08:33+00:00","dateModified":"2022-01-16T14:34:44+00:00","breadcrumb":{"@id":"http:\/\/www.varloteaux.org\/fva\/repartitions-disponibilites-avions\/#breadcrumb"},"inLanguage":"fr-FR","potentialAction":[{"@type":"ReadAction","target":["http:\/\/www.varloteaux.org\/fva\/repartitions-disponibilites-avions\/"]}]},{"@type":"BreadcrumbList","@id":"http:\/\/www.varloteaux.org\/fva\/repartitions-disponibilites-avions\/#breadcrumb","itemListElement":[{"@type":"ListItem","position":1,"name":"Home","item":"http:\/\/www.varloteaux.org\/fva\/"},{"@type":"ListItem","position":2,"name":"R\u00e9partitions et disponibilit\u00e9s des avions"}]},{"@type":"WebSite","@id":"http:\/\/www.varloteaux.org\/fva\/#website","url":"http:\/\/www.varloteaux.org\/fva\/","name":"FHAL VARLOTEAUX AIRCRAFT","description":"SOLUTIONS FOR AEROBATICS","potentialAction":[{"@type":"SearchAction","target":{"@type":"EntryPoint","urlTemplate":"http:\/\/www.varloteaux.org\/fva\/?s={search_term_string}"},"query-input":"required name=search_term_string"}],"inLanguage":"fr-FR"}]}},"_links":{"self":[{"href":"http:\/\/www.varloteaux.org\/fva\/wp-json\/wp\/v2\/pages\/572"}],"collection":[{"href":"http:\/\/www.varloteaux.org\/fva\/wp-json\/wp\/v2\/pages"}],"about":[{"href":"http:\/\/www.varloteaux.org\/fva\/wp-json\/wp\/v2\/types\/page"}],"author":[{"embeddable":true,"href":"http:\/\/www.varloteaux.org\/fva\/wp-json\/wp\/v2\/users\/1"}],"replies":[{"embeddable":true,"href":"http:\/\/www.varloteaux.org\/fva\/wp-json\/wp\/v2\/comments?post=572"}],"version-history":[{"count":8,"href":"http:\/\/www.varloteaux.org\/fva\/wp-json\/wp\/v2\/pages\/572\/revisions"}],"predecessor-version":[{"id":878,"href":"http:\/\/www.varloteaux.org\/fva\/wp-json\/wp\/v2\/pages\/572\/revisions\/878"}],"wp:attachment":[{"href":"http:\/\/www.varloteaux.org\/fva\/wp-json\/wp\/v2\/media?parent=572"}],"curies":[{"name":"wp","href":"https:\/\/api.w.org\/{rel}","templated":true}]}}