{"id":221,"date":"2019-11-26T12:22:36","date_gmt":"2019-11-26T11:22:36","guid":{"rendered":"http:\/\/www.varloteaux.org\/fva\/?page_id=221"},"modified":"2019-11-26T14:33:12","modified_gmt":"2019-11-26T13:33:12","slug":"les-avions-fva","status":"publish","type":"page","link":"http:\/\/www.varloteaux.org\/fva\/les-avions-fva\/","title":{"rendered":"Les avions FVA"},"content":{"rendered":"<div  data-label=\"About\" data-id=\"about--1\" data-export-id=\"about-4\" data-category=\"about\" class=\"about-4 content-section content-section-spacing\" id=\"about-1\" style=\"background-color: rgb(255, 255, 255);\"><div  class=\"gridContainer\"> <div  class=\"row middle-sm text-center\"><div  class=\"col-sm-5 space-bottom-xs\" data-type=\"column\"> <h5  class=\"\">Les avions de la soci\u00e9t\u00e9 FVA<\/h5> <h2  class=\"\">L\u2019Extra 330 sc, l\u2019avion des champions!<\/h2> <p  class=\"\">L\u2019Extra 330 SC, dont le premier exemplaire de s\u00e9rie est sorti en 2008 des usines ExtraAircraft, a \u00e9t\u00e9 champion du monde en&nbsp;2009, 2013, 2014, 2015, 2016, 2017 et 2019!\n<br >La soci\u00e9t\u00e9 FVA met en oeuvre 2 Extra 330 SC, le F-HMTM et le F-HLAS<\/p> <\/div> <div  class=\"col-sm-7 flexbox center-xs middle-xs image-group-2-img\"> <img decoding=\"async\"  class=\"img-1 shadow-large\" data-size=\"250x200\" src=\"http:\/\/www.varloteaux.org\/fva\/wp-content\/uploads\/2019\/11\/cropped-201908_WAC-Cha\u0302teauroux-116-2.jpg\" alt=\"\" title=\"cropped-201908_WAC-Cha\u0302teauroux-116-2.jpg\"> <img decoding=\"async\"  class=\"img-2 shadow-large\" data-size=\"220x170\" src=\"http:\/\/www.varloteaux.org\/fva\/wp-content\/uploads\/2019\/11\/201908_Photo-avions-FVA-095-1.jpg\" alt=\"\" title=\"201908_Photo avions FVA - 095\"><\/div> <\/div><\/div> <\/div><div  data-label=\"Content\" data-id=\"content--1\" data-export-id=\"content-3\" data-category=\"content\" class=\"content-3 content-section content-section-spacing\" id=\"content-1\" style=\"background-color: rgb(245, 250, 253);\"><div  class=\"\"> <div  class=\"row middle-xs\"><div  class=\"col-sm-7 full-col-left-padding full-col-right-padding\"> <div  class=\"row\"><div  data-type=\"column\" class=\"space-bottom-small content-title-col\">  <h2  class=\"\" style=\"text-align: center;\">TECHNICAL DATA<\/h2> <\/div> <\/div> <div  class=\"row spaced-cols center-sm content-center-sm\" data-type=\"row\"> <div  class=\"col-xs-6 col-md-12\" data-type=\"column\"> <h5  class=\"\" style=\"text-align: center;\">AIRCRAFT DIMENSIONS<\/h5> <p  class=\"\">Wingspan: 24,6 ft \/ 7,5 m<br >Length: 22,1 ft \/ 6,7 m<br >Height: 8,4 ft \/ 2,6 m<br >Wing area: 105,6 ft2\/ 9,8 m<sup >2<\/sup><br >\nEASA certified load factor: +\/- 10 g<\/p><\/div> <div  class=\"col-xs-6 col-md-12\" data-type=\"column\"><h5  class=\"\" style=\"text-align: center;\">AIRSPEEDS<\/h5> <p  class=\"\">Never exceed speed (Vne): 220 kts<br >Maneuvering speed (Va) (acro): 158 kts<br >\nStall speed at 1.720 lbs \/ 780 kg (Vs): 61 kts<br >\nStall speed at 1.918 lbs \/ 870 kg (Vs):&nbsp; 64 kts<\/p><\/div> <div  class=\"col-xs-6 col-md-12\" data-type=\"column\"><h5  class=\"\" style=\"text-align: center;\">WEIGHTS<\/h5> <p  class=\"\">Typ. equipped empty weight: 1.291 lbs \/ 585 kg<br >\nMTOW normal category (+6\/-3g): 1.918 lbs \/ 870 kg<br >\nMTOW acro category (+10\/-10g): 1.720 lbs \/ 780 kg<\/p><\/div> <div  class=\"col-xs-6 col-md-12\" data-type=\"column\"><h5  class=\"\" style=\"text-align: center;\">FUEL<\/h5> <p  class=\"\">Total capacity: 59,2 gal \/ 224 ltr<br >Usable fuel: 58,4 gal \/ 221 ltr<br >\nUsable fuel \u2013 acro tanks only\t26,7 gal \/ 101 ltr<\/p><a  class=\"button small color1 outline\" href=\"https:\/\/www.extraaircraft.com\/docs\/brochures\/EA330SC.pdf\" target=\"lightbox\" data-cp-link=\"1\" data-icon=\"\">T\u00e9l\u00e9charger la brochure Extra<\/a><\/div> <\/div><\/div> <div  class=\"col-sm-5 bg-image shadow-large-black revert-classes-holder\" data-bg=\"image\" style=\"background-image: url(&quot;http:\/\/www.varloteaux.org\/fva\/wp-content\/uploads\/2019\/11\/201908_WAC-Cha\u0302teauroux-095-2.jpg&quot;);\"><\/div><\/div> <\/div><\/div><div  data-label=\"Counters\" data-id=\"counters--1\" data-export-id=\"counters-1\" data-category=\"counters\" class=\"counters-1 content-section content-section-spacing\" id=\"counters-1\" style=\"background-size: cover; background-position: center top; background-image: none; background-color: rgb(255, 255, 255);\" data-section-ov=\"1\"><div  class=\"gridContainer\"> <div  class=\"row text-center\"><div  class=\"section-title-col\" data-type=\"column\"> <h2  class=\"\">Championnats du monde 2019, les chiffres<\/h2> <p  class=\"lead\">Les championnats du Monde 2019 se sont d\u00e9roul\u00e9s en France, sur le terrain de Ch\u00e2teauroux-D\u00e9ols. 63 pilotes de niveau \u201cUnlimited\u201d se sont sportivement affront\u00e9s \u00e0 bord de diff\u00e9rentes machines. Lesquelles?<br ><span  style=\"font-style: italic;\">Source: <a  data-mce-href=\"https:\/\/civa-results.com\/2019\/WAC_2019\/index.htm\" href=\"https:\/\/civa-results.com\/2019\/WAC_2019\/index.htm\" target=\"_blank\" rel=\"noopener\" data-mce-selected=\"inline-boundary\" data-cp-link=\"1\" class=\"\">civa-results<\/a><\/span><\/p><\/div> <\/div> <div  class=\"row spaced-cols\" data-type=\"row\" data-fixed=\"true\"> <div  class=\"col-xs-12 col-sm-4 space-bottom-small col-padding-xs\"> <div  class=\"circle-counter color8\"> <svg  class=\"circle-svg\" viewBox=\"0 0 100 100\"> <circle  r=\"48\" stroke-linecap=\"round\" cx=\"50\" cy=\"50\" fill=\"transparent\" stroke-dasharray=\"301.6\" stroke-dashoffset=\"301.6px\"><\/circle> <circle  class=\"circle-bar\" r=\"48\" stroke-linecap=\"round\" cx=\"50\" cy=\"50\" fill=\"transparent\" stroke-dasharray=\"301.6\" stroke-dashoffset=\"301.6px\" style=\"stroke-dashoffset: 81.4301px;\"><\/circle><\/svg> <div  class=\"circle-content\"><h2  class=\"font-100\" data-min=\"0\" data-max=\"100\" data-stop=\"73\" data-prefix=\"\" data-suffix=\"%\" data-countup=\"true\" data-duration=\"2000\"><\/h2> <p ><span  style=\"color: rgb(0, 0, 0);\">d\u2019Extra 330 SC\n<\/span><\/p><\/div> <\/div><\/div> <div  class=\"col-xs-12 col-sm-4 space-bottom-small col-padding-xs\"><div  class=\"circle-counter color1\"> <svg  class=\"circle-svg\" viewBox=\"0 0 100 100\"><circle  r=\"48\" stroke-linecap=\"round\" cx=\"50\" cy=\"50\" fill=\"transparent\" stroke-dasharray=\"301.6\" stroke-dashoffset=\"301.6px\"><\/circle> <circle  class=\"circle-bar\" r=\"48\" stroke-linecap=\"round\" cx=\"50\" cy=\"50\" fill=\"transparent\" stroke-dasharray=\"301.6\" stroke-dashoffset=\"301.6px\" style=\"stroke-dashoffset: 60.3186px;\"><\/circle><\/svg> <div  class=\"circle-content\"><h2  class=\"font-100\" data-min=\"0\" data-max=\"100\" data-stop=\"80\" data-prefix=\"\" data-suffix=\"%\" data-countup=\"true\" data-duration=\"2000\"><\/h2> <p ><span  style=\"color: rgb(0, 0, 0);\">d\u2019Extra 330 SC\n<\/span><br ><span  style=\"color: rgb(0, 0, 0);\">dans les 10 premiers<\/span><span  id=\"_mce_caret\" data-mce-bogus=\"1\" data-mce-type=\"format-caret\"><span  style=\"color: rgb(0, 0, 0);\">\ufeff<\/span><\/span><\/p><\/div> <\/div><\/div> <div  class=\"col-xs-12 col-sm-4 space-bottom-small col-padding-xs\"><div  class=\"circle-counter color15\"> <svg  class=\"circle-svg\" viewBox=\"0 0 100 100\"><circle  r=\"48\" stroke-linecap=\"round\" cx=\"50\" cy=\"50\" fill=\"transparent\" stroke-dasharray=\"301.6\" stroke-dashoffset=\"301.6px\"><\/circle> <circle  class=\"circle-bar\" r=\"48\" stroke-linecap=\"round\" cx=\"50\" cy=\"50\" fill=\"transparent\" stroke-dasharray=\"301.6\" stroke-dashoffset=\"301.6px\" style=\"stroke-dashoffset: 265.402px;\"><\/circle><\/svg> <div  class=\"circle-content\"><h2  class=\"font-100\" data-min=\"0\" data-max=\"100\" data-stop=\"12\" data-prefix=\"\" data-suffix=\"%\" data-countup=\"true\" data-duration=\"2000\"><\/h2> <p ><span  style=\"color: rgb(0, 0, 0);\">de pilotes ont vol\u00e9\n<\/span><br ><span  style=\"color: rgb(0, 0, 0);\">sur les avions FVA<\/span><\/p><\/div> <\/div><\/div> <\/div><\/div> <\/div><div  data-label=\"Portfolio\" data-id=\"portfolio--1\" data-export-id=\"portfolio-4\" data-category=\"portfolio\" class=\"portfolio-4 content-section content-section-spacing-top\" id=\"portfolio-1\" style=\"background-color: rgb(245, 250, 253);\"><div  class=\"\"> <div  class=\"row text-center\"><div  class=\"section-title-col\" data-type=\"column\">  <\/div> <\/div> <div  data-type=\"row\" class=\"row\" data-fixed=\"true\"> <div  class=\"col-xs-12 col-sm-3 no-gutter-col\"> <div  class=\"contentswap-effect\" data-hover-fx=\"portfolio-4\"> <div  class=\"initial-image\"> <img decoding=\"async\"  data-size=\"542x360\" src=\"http:\/\/www.varloteaux.org\/fva\/wp-content\/uploads\/2019\/11\/201908_Photo-avions-FVA-113.jpg\"><\/div> <div  class=\"overlay bg-color1\"><\/div> <div  class=\"swap-inner col-xs-12\"> <div  class=\"row full-height-row middle-xs middle-sm\"> <div  class=\"col-xs-12 text-center content-holder\"> <a  href=\"http:\/\/www.varloteaux.org\/fva\/wp-content\/uploads\/2019\/11\/201908_Photo-avions-FVA-113.jpg\" target=\"lightbox\" class=\"\"><i  class=\"fa icon portfolio-icon fa-search big color-white\" aria-hidden=\"true\"><\/i><\/a><\/div> <\/div><\/div> <\/div><\/div> <div  class=\"col-xs-12 col-sm-3 no-gutter-col\"><div  class=\"contentswap-effect\" data-hover-fx=\"portfolio-4\"> <div  class=\"initial-image\"> <img decoding=\"async\"  data-size=\"542x360\" src=\"http:\/\/www.varloteaux.org\/fva\/wp-content\/uploads\/2019\/11\/201908_Photo-avions-FVA-118.jpg\"><\/div> <div  class=\"overlay bg-color1\"><\/div> <div  class=\"swap-inner col-xs-12\"> <div  class=\"row full-height-row middle-xs middle-sm\"> <div  class=\"col-xs-12 text-center content-holder\"> <a  href=\"http:\/\/www.varloteaux.org\/fva\/wp-content\/uploads\/2019\/11\/201908_Photo-avions-FVA-118.jpg\" target=\"lightbox\" class=\"\"><i  class=\"fa icon portfolio-icon fa-search big color-white\" aria-hidden=\"true\"><\/i><\/a><\/div> <\/div><\/div> <\/div><\/div> <div  class=\"col-xs-12 col-sm-3 no-gutter-col\"><div  class=\"contentswap-effect\" data-hover-fx=\"portfolio-4\"> <div  class=\"initial-image\"> <img decoding=\"async\"  data-size=\"542x360\" src=\"http:\/\/www.varloteaux.org\/fva\/wp-content\/uploads\/2019\/11\/201908_Photo-avions-FVA-155.jpg\"><\/div> <div  class=\"overlay bg-color1\"><\/div> <div  class=\"swap-inner col-xs-12\"> <div  class=\"row full-height-row middle-xs middle-sm\"> <div  class=\"col-xs-12 text-center content-holder\"> <a  href=\"http:\/\/www.varloteaux.org\/fva\/wp-content\/uploads\/2019\/11\/201908_Photo-avions-FVA-155.jpg\" target=\"lightbox\" class=\"\"><i  class=\"fa icon portfolio-icon fa-search big color-white\" aria-hidden=\"true\"><\/i><\/a><\/div> <\/div><\/div> <\/div><\/div> <div  class=\"col-xs-12 col-sm-3 no-gutter-col\"><div  class=\"contentswap-effect\" data-hover-fx=\"portfolio-4\"> <div  class=\"initial-image\"> <img decoding=\"async\"  data-size=\"542x360\" src=\"http:\/\/www.varloteaux.org\/fva\/wp-content\/uploads\/2019\/11\/201908_Photo-avions-FVA-020.jpg\"><\/div> <div  class=\"overlay bg-color1\"><\/div> <div  class=\"swap-inner col-xs-12\"> <div  class=\"row full-height-row middle-xs middle-sm\"> <div  class=\"col-xs-12 text-center content-holder\"> <a  href=\"http:\/\/www.varloteaux.org\/fva\/wp-content\/uploads\/2019\/11\/201908_Photo-avions-FVA-020.jpg\" target=\"lightbox\" class=\"\"><i  class=\"fa icon portfolio-icon fa-search big color-white\" aria-hidden=\"true\"><\/i><\/a><\/div> <\/div><\/div> <\/div><\/div> <div  class=\"col-xs-12 col-sm-3 no-gutter-col\"><div  class=\"contentswap-effect\" data-hover-fx=\"portfolio-4\"> <div  class=\"initial-image\"> <img decoding=\"async\"  data-size=\"542x360\" src=\"http:\/\/www.varloteaux.org\/fva\/wp-content\/uploads\/2019\/11\/201908_Photo-avions-FVA-028.jpg\"><\/div> <div  class=\"overlay bg-color1\"><\/div> <div  class=\"swap-inner col-xs-12\"> <div  class=\"row full-height-row middle-xs middle-sm\"> <div  class=\"col-xs-12 text-center content-holder\"> <a  href=\"http:\/\/www.varloteaux.org\/fva\/wp-content\/uploads\/2019\/11\/201908_Photo-avions-FVA-028.jpg\" target=\"lightbox\" class=\"\"><i  class=\"fa icon portfolio-icon fa-search big color-white\" aria-hidden=\"true\"><\/i><\/a><\/div> <\/div><\/div> <\/div><\/div> <div  class=\"col-xs-12 col-sm-3 no-gutter-col\"><div  class=\"contentswap-effect\" data-hover-fx=\"portfolio-4\"> <div  class=\"initial-image\"> <img decoding=\"async\"  data-size=\"542x360\" src=\"http:\/\/www.varloteaux.org\/fva\/wp-content\/uploads\/2019\/11\/201908_WAC-Cha%CC%82teauroux-117-1.jpg\"><\/div> <div  class=\"overlay bg-color1\"><\/div> <div  class=\"swap-inner col-xs-12\"> <div  class=\"row full-height-row middle-xs middle-sm\"> <div  class=\"col-xs-12 text-center content-holder\"> <a  href=\"http:\/\/www.varloteaux.org\/fva\/wp-content\/uploads\/2019\/11\/201908_WAC-Cha%CC%82teauroux-117-1.jpg\" target=\"lightbox\" class=\"\"><i  class=\"fa icon portfolio-icon fa-search big color-white\" aria-hidden=\"true\"><\/i><\/a><\/div> <\/div><\/div> <\/div><\/div> <div  class=\"col-xs-12 col-sm-3 no-gutter-col\"><div  class=\"contentswap-effect\" data-hover-fx=\"portfolio-4\"> <div  class=\"initial-image\"> <img decoding=\"async\"  data-size=\"542x360\" src=\"http:\/\/www.varloteaux.org\/fva\/wp-content\/uploads\/2019\/11\/201908_WAC-Cha%CC%82teauroux-114.jpg\"><\/div> <div  class=\"overlay bg-color1\"><\/div> <div  class=\"swap-inner col-xs-12\"> <div  class=\"row full-height-row middle-xs middle-sm\"> <div  class=\"col-xs-12 text-center content-holder\"> <a  href=\"http:\/\/www.varloteaux.org\/fva\/wp-content\/uploads\/2019\/11\/201908_WAC-Cha%CC%82teauroux-114.jpg\" target=\"lightbox\" class=\"\"><i  class=\"fa icon portfolio-icon fa-search big color-white\" aria-hidden=\"true\"><\/i><\/a><\/div> <\/div><\/div> <\/div><\/div> <div  class=\"col-xs-12 col-sm-3 no-gutter-col\"><div  class=\"contentswap-effect\" data-hover-fx=\"portfolio-4\"> <div  class=\"initial-image\"> <img decoding=\"async\"  data-size=\"542x360\" src=\"http:\/\/www.varloteaux.org\/fva\/wp-content\/uploads\/2019\/11\/201908_WAC-Cha%CC%82teauroux-165-scaled.jpg\"><\/div> <div  class=\"overlay bg-color1\"><\/div> <div  class=\"swap-inner col-xs-12\"> <div  class=\"row full-height-row middle-xs middle-sm\"> <div  class=\"col-xs-12 text-center content-holder\"> <a  href=\"http:\/\/www.varloteaux.org\/fva\/wp-content\/uploads\/2019\/11\/201908_WAC-Cha%CC%82teauroux-165-scaled.jpg\" target=\"lightbox\" class=\"\"><i  class=\"fa icon portfolio-icon fa-search big color-white\" aria-hidden=\"true\"><\/i><\/a><\/div> <\/div><\/div> <\/div><\/div> <\/div><\/div> <\/div><div  data-label=\"Counters\" data-id=\"counters--2\" data-export-id=\"counters-2\" data-category=\"counters\" class=\"counters-2 content-section content-section-spacing\" id=\"counters-2\" style=\"background-color: rgba(135, 202, 232, 0.035); background-image: none;\"><div  class=\"gridContainer\"> <div  class=\"row text-center\"><div  class=\"section-title-col\" data-type=\"column\">  <\/div> <\/div> <div  class=\"row\" data-type=\"row\"> <div  class=\"col-xs-12 col-sm-4 text-center space-bottom col-md-6\"> <i  class=\"fa icon fa-smile-o color1\"><\/i> <h3  class=\"font-400\" data-min=\"0\" data-max=\"100\" data-duration=\"2000\" data-prefix=\"\" data-suffix=\"%\" data-countup=\"true\" style=\"display: inline-block;\"><\/h3> <h5  class=\"upper color2\">Equipe de France<\/h5><p  class=\"\">Tous les pilotes en \u00e9quipe de France ont vol\u00e9 sur Extra 330 SC en 2019 !<\/p><\/div> <div  class=\"col-xs-12 col-sm-4 text-center space-bottom col-md-6\"><i  class=\"fa fa-smile-o icon color1\"><\/i> <h3  class=\"font-400\" data-min=\"0\" data-max=\"62,5\" data-duration=\"2000\" data-prefix=\"\" data-suffix=\"%\" data-countup=\"true\" style=\"display: inline-block;\"><\/h3> <h5  class=\"upper color2\">Championnats de france mono<\/h5><p  class=\"\">62,5% des pilotes inscrits aux championnats de France Monoplace (dans les trois cat\u00e9gories: Advanced, Excellence et Unlimited) ont vol\u00e9 sur Extra 330 SC. 20% des pilotes ont vol\u00e9 sur les avions de la soci\u00e9t\u00e9 FVA.<\/p><\/div>  <div  class=\"col-xs-12 col-sm-4 text-center space-bottom col-md-6\"> <i  class=\"fa icon fa-smile-o color1\"><\/i> <h3  class=\"font-400\" data-min=\"0\" data-max=\"100\" data-duration=\"2000\" data-prefix=\"\" data-suffix=\"%\" data-countup=\"true\" style=\"display: inline-block;\"><\/h3> <h5  class=\"upper color2\">CHAMPIONNATS DE FRANCE MONO &#8211; Unlimited<\/h5><p  class=\"\">Les 10 premiers pilotes ont vol\u00e9 sur Extra 330 SC (19 inscrits)<\/p><\/div><div  class=\"col-xs-12 col-sm-4 text-center space-bottom col-md-6\"> <i  class=\"fa icon fa-smile-o color1\"><\/i> <h3  class=\"font-400\" data-min=\"0\" data-max=\"100\" data-duration=\"2000\" data-prefix=\"\" data-suffix=\"%\" data-countup=\"true\" style=\"display: inline-block;\"><\/h3> <h5  class=\"upper color2\">CHAMPIONNATS DE FRANCE MONO &#8211; Advanced<\/h5><p  class=\"\">7 pilotes parmis les 10 premiers (21 inscrits) ont vol\u00e9 sur Extra 330 SC<\/p><\/div><\/div><\/div> <\/div>","protected":false},"excerpt":{"rendered":"<p>Les avions de la soci\u00e9t\u00e9 FVA L\u2019Extra 330 sc, l\u2019avion des champions! L\u2019Extra 330 SC, dont le premier exemplaire de s\u00e9rie est sorti en 2008 des usines ExtraAircraft, a \u00e9t\u00e9 champion du monde en&nbsp;2009, 2013, 2014, 2015, 2016, 2017 et 2019! La soci\u00e9t\u00e9 FVA met en oeuvre 2 Extra 330 SC, le F-HMTM et le&hellip; <br \/> <a class=\"read-more\" href=\"http:\/\/www.varloteaux.org\/fva\/les-avions-fva\/\">Lire la suite<\/a><\/p>\n","protected":false},"author":1,"featured_media":0,"parent":0,"menu_order":0,"comment_status":"closed","ping_status":"closed","template":"pro\/page-templates\/full-width-page.php","meta":[],"yoast_head":"<!-- This site is optimized with the Yoast SEO plugin v20.7 - https:\/\/yoast.com\/wordpress\/plugins\/seo\/ -->\n<title>Les avions FVA - FHAL VARLOTEAUX AIRCRAFT<\/title>\n<meta name=\"robots\" content=\"index, follow, max-snippet:-1, max-image-preview:large, max-video-preview:-1\" \/>\n<link rel=\"canonical\" href=\"https:\/\/www.varloteaux.org\/fva\/les-avions-fva\/\" \/>\n<meta property=\"og:locale\" content=\"fr_FR\" \/>\n<meta property=\"og:type\" content=\"article\" \/>\n<meta property=\"og:title\" content=\"Les avions FVA - FHAL VARLOTEAUX AIRCRAFT\" \/>\n<meta property=\"og:description\" content=\"Les avions de la soci\u00e9t\u00e9 FVA L\u2019Extra 330 sc, l\u2019avion des champions! L\u2019Extra 330 SC, dont le premier exemplaire de s\u00e9rie est sorti en 2008 des usines ExtraAircraft, a \u00e9t\u00e9 champion du monde en&nbsp;2009, 2013, 2014, 2015, 2016, 2017 et 2019! La soci\u00e9t\u00e9 FVA met en oeuvre 2 Extra 330 SC, le F-HMTM et le&hellip; Lire la suite\" \/>\n<meta property=\"og:url\" content=\"https:\/\/www.varloteaux.org\/fva\/les-avions-fva\/\" \/>\n<meta property=\"og:site_name\" content=\"FHAL VARLOTEAUX AIRCRAFT\" \/>\n<meta property=\"article:modified_time\" content=\"2019-11-26T13:33:12+00:00\" \/>\n<meta property=\"og:image\" content=\"http:\/\/www.varloteaux.org\/fva\/wp-content\/uploads\/2019\/11\/201908_Photo-avions-FVA-095-1.jpg\" \/>\n<meta name=\"twitter:card\" content=\"summary_large_image\" \/>\n<meta name=\"twitter:label1\" content=\"Dur\u00e9e de lecture estim\u00e9e\" \/>\n\t<meta name=\"twitter:data1\" content=\"1 minute\" \/>\n<script type=\"application\/ld+json\" class=\"yoast-schema-graph\">{\"@context\":\"https:\/\/schema.org\",\"@graph\":[{\"@type\":\"WebPage\",\"@id\":\"https:\/\/www.varloteaux.org\/fva\/les-avions-fva\/\",\"url\":\"https:\/\/www.varloteaux.org\/fva\/les-avions-fva\/\",\"name\":\"Les avions FVA - FHAL VARLOTEAUX AIRCRAFT\",\"isPartOf\":{\"@id\":\"http:\/\/www.varloteaux.org\/fva\/#website\"},\"datePublished\":\"2019-11-26T11:22:36+00:00\",\"dateModified\":\"2019-11-26T13:33:12+00:00\",\"breadcrumb\":{\"@id\":\"https:\/\/www.varloteaux.org\/fva\/les-avions-fva\/#breadcrumb\"},\"inLanguage\":\"fr-FR\",\"potentialAction\":[{\"@type\":\"ReadAction\",\"target\":[\"https:\/\/www.varloteaux.org\/fva\/les-avions-fva\/\"]}]},{\"@type\":\"BreadcrumbList\",\"@id\":\"https:\/\/www.varloteaux.org\/fva\/les-avions-fva\/#breadcrumb\",\"itemListElement\":[{\"@type\":\"ListItem\",\"position\":1,\"name\":\"Home\",\"item\":\"http:\/\/www.varloteaux.org\/fva\/\"},{\"@type\":\"ListItem\",\"position\":2,\"name\":\"Les avions FVA\"}]},{\"@type\":\"WebSite\",\"@id\":\"http:\/\/www.varloteaux.org\/fva\/#website\",\"url\":\"http:\/\/www.varloteaux.org\/fva\/\",\"name\":\"FHAL VARLOTEAUX AIRCRAFT\",\"description\":\"SOLUTIONS FOR AEROBATICS\",\"potentialAction\":[{\"@type\":\"SearchAction\",\"target\":{\"@type\":\"EntryPoint\",\"urlTemplate\":\"http:\/\/www.varloteaux.org\/fva\/?s={search_term_string}\"},\"query-input\":\"required name=search_term_string\"}],\"inLanguage\":\"fr-FR\"}]}<\/script>\n<!-- \/ Yoast SEO plugin. -->","yoast_head_json":{"title":"Les avions FVA - FHAL VARLOTEAUX AIRCRAFT","robots":{"index":"index","follow":"follow","max-snippet":"max-snippet:-1","max-image-preview":"max-image-preview:large","max-video-preview":"max-video-preview:-1"},"canonical":"https:\/\/www.varloteaux.org\/fva\/les-avions-fva\/","og_locale":"fr_FR","og_type":"article","og_title":"Les avions FVA - FHAL VARLOTEAUX AIRCRAFT","og_description":"Les avions de la soci\u00e9t\u00e9 FVA L\u2019Extra 330 sc, l\u2019avion des champions! L\u2019Extra 330 SC, dont le premier exemplaire de s\u00e9rie est sorti en 2008 des usines ExtraAircraft, a \u00e9t\u00e9 champion du monde en&nbsp;2009, 2013, 2014, 2015, 2016, 2017 et 2019! La soci\u00e9t\u00e9 FVA met en oeuvre 2 Extra 330 SC, le F-HMTM et le&hellip; Lire la suite","og_url":"https:\/\/www.varloteaux.org\/fva\/les-avions-fva\/","og_site_name":"FHAL VARLOTEAUX AIRCRAFT","article_modified_time":"2019-11-26T13:33:12+00:00","og_image":[{"url":"http:\/\/www.varloteaux.org\/fva\/wp-content\/uploads\/2019\/11\/201908_Photo-avions-FVA-095-1.jpg"}],"twitter_card":"summary_large_image","twitter_misc":{"Dur\u00e9e de lecture estim\u00e9e":"1 minute"},"schema":{"@context":"https:\/\/schema.org","@graph":[{"@type":"WebPage","@id":"https:\/\/www.varloteaux.org\/fva\/les-avions-fva\/","url":"https:\/\/www.varloteaux.org\/fva\/les-avions-fva\/","name":"Les avions FVA - FHAL VARLOTEAUX AIRCRAFT","isPartOf":{"@id":"http:\/\/www.varloteaux.org\/fva\/#website"},"datePublished":"2019-11-26T11:22:36+00:00","dateModified":"2019-11-26T13:33:12+00:00","breadcrumb":{"@id":"https:\/\/www.varloteaux.org\/fva\/les-avions-fva\/#breadcrumb"},"inLanguage":"fr-FR","potentialAction":[{"@type":"ReadAction","target":["https:\/\/www.varloteaux.org\/fva\/les-avions-fva\/"]}]},{"@type":"BreadcrumbList","@id":"https:\/\/www.varloteaux.org\/fva\/les-avions-fva\/#breadcrumb","itemListElement":[{"@type":"ListItem","position":1,"name":"Home","item":"http:\/\/www.varloteaux.org\/fva\/"},{"@type":"ListItem","position":2,"name":"Les avions FVA"}]},{"@type":"WebSite","@id":"http:\/\/www.varloteaux.org\/fva\/#website","url":"http:\/\/www.varloteaux.org\/fva\/","name":"FHAL VARLOTEAUX AIRCRAFT","description":"SOLUTIONS FOR AEROBATICS","potentialAction":[{"@type":"SearchAction","target":{"@type":"EntryPoint","urlTemplate":"http:\/\/www.varloteaux.org\/fva\/?s={search_term_string}"},"query-input":"required name=search_term_string"}],"inLanguage":"fr-FR"}]}},"_links":{"self":[{"href":"http:\/\/www.varloteaux.org\/fva\/wp-json\/wp\/v2\/pages\/221"}],"collection":[{"href":"http:\/\/www.varloteaux.org\/fva\/wp-json\/wp\/v2\/pages"}],"about":[{"href":"http:\/\/www.varloteaux.org\/fva\/wp-json\/wp\/v2\/types\/page"}],"author":[{"embeddable":true,"href":"http:\/\/www.varloteaux.org\/fva\/wp-json\/wp\/v2\/users\/1"}],"replies":[{"embeddable":true,"href":"http:\/\/www.varloteaux.org\/fva\/wp-json\/wp\/v2\/comments?post=221"}],"version-history":[{"count":14,"href":"http:\/\/www.varloteaux.org\/fva\/wp-json\/wp\/v2\/pages\/221\/revisions"}],"predecessor-version":[{"id":257,"href":"http:\/\/www.varloteaux.org\/fva\/wp-json\/wp\/v2\/pages\/221\/revisions\/257"}],"wp:attachment":[{"href":"http:\/\/www.varloteaux.org\/fva\/wp-json\/wp\/v2\/media?parent=221"}],"curies":[{"name":"wp","href":"https:\/\/api.w.org\/{rel}","templated":true}]}}