{"id":145,"date":"2019-11-22T12:40:41","date_gmt":"2019-11-22T11:40:41","guid":{"rendered":"http:\/\/www.varloteaux.org\/fva\/?page_id=145"},"modified":"2022-01-20T15:12:14","modified_gmt":"2022-01-20T14:12:14","slug":"links","status":"publish","type":"page","link":"http:\/\/www.varloteaux.org\/fva\/links\/","title":{"rendered":"Links"},"content":{"rendered":"<div  data-label=\"Team\" data-id=\"team--3\" data-export-id=\"team-5\" data-category=\"team\" class=\"team-5 content-section content-section-spacing\" id=\"team-3\" style=\"background-color: rgb(217, 216, 216); background-image: url(&quot;http:\/\/www.varloteaux.org\/fva\/wp-content\/uploads\/2019\/11\/201908_Photo-avions-FVA-095.jpg&quot;); background-size: cover; background-position: center top;\" data-section-ov=\"1\"><div  class=\"\">  <div  class=\"row spaced-cols content-center-sm center-sm\" data-type=\"row\"> <div  class=\"col-xs-12 col-sm-6 col-md-3 col-padding\"> <div  class=\"row \"> <div  data-type=\"column\" class=\"col-xs-12 col-sm-12\"> <img decoding=\"async\"  class=\"round face\" src=\"http:\/\/www.varloteaux.org\/fva\/wp-content\/uploads\/2019\/11\/cropped-pierre-portrait-4-2.jpg\" alt=\"\" title=\"cropped-pierre-portrait-4-2.jpg\"> <h4  class=\"font-500\"><span  style=\"color: rgb(253, 253, 253); font-weight: 600;\">PIERRE VARLOTEAUX\n<br >AEROBATICS<\/span><\/h4>   <p  class=\"\"><span  style=\"color: rgb(253, 253, 253);\">pierre.varloteaux@gmail.com\n<\/span><br ><span  style=\"color: rgb(253, 253, 253);\">+33 614 49 18 38<\/span><\/p><div  class=\"social-icons-group\" data-type=\"group\"> <a href=\"https:\/\/www.facebook.com\/pierrevarloteauxaerobatics\" target=\"_blank\" class=\"\" marked=\"1\" rel=\"noopener\"><i  class=\"fa icon fa-facebook-square color19\"><\/i><\/a> <a href=\"https:\/\/www.instagram.com\/pierre.varloteaux\" target=\"_blank\" class=\"\" marked=\"1\" rel=\"noopener\"><i  class=\"fa icon fa-instagram color19\"><\/i><\/a> <a href=\"https:\/\/www.linkedin.com\/in\/pierre-varloteaux\" target=\"_blank\" class=\"\" marked=\"1\" rel=\"noopener\"><i  class=\"fa icon fa-linkedin-square color19\"><\/i><\/a> <a href=\"http:\/\/www.varloteaux.org\/aerobatics\" target=\"_blank\" class=\"\" marked=\"1\" rel=\"noopener\"><i  class=\"fa icon fa-globe color19\"><\/i><\/a><\/div> <\/div><\/div> <\/div><div  class=\"col-xs-12 col-sm-6 col-md-3 col-padding\"> <div  class=\"row \"> <div  data-type=\"column\" class=\"col-xs-12 col-sm-12\"> <img decoding=\"async\"  class=\"round face\" src=\"http:\/\/www.varloteaux.org\/fva\/wp-content\/uploads\/2019\/11\/cropped-fhal-2-5.jpg\" alt=\"\" title=\"cropped-fhal-2-5.jpg\"> <h4  class=\"font-500\"><span  style=\"color: rgb(253, 253, 253); font-weight: 600;\">ROMAIN FHAL\n<br >AEROBATICS<\/span><\/h4><p  class=\"\"><span  style=\"color: rgb(253, 253, 253);\">romain.fhal@gmail.com\n<\/span><br ><span  style=\"color: rgb(253, 253, 253);\">+33 79 86 23 25<\/span><\/p>   <div  class=\"social-icons-group\" data-type=\"group\"> <a href=\"https:\/\/www.facebook.com\/RomainFhal\" target=\"_blank\" class=\"\" marked=\"1\" rel=\"noopener\"><i  class=\"fa icon fa-facebook-square color-white\"><\/i><\/a> <a href=\"#\" target=\"_self\" marked=\"1\" rel=\"noopener\" data-reiki-hidden=\"true\"><i  class=\"fa icon fa-instagram gray\"><\/i><\/a> <a href=\"#\" target=\"_self\" marked=\"1\" rel=\"noopener\" data-reiki-hidden=\"true\"><i  class=\"fa icon fa-linkedin-square gray\"><\/i><\/a> <a href=\"#\" target=\"_self\" marked=\"1\" rel=\"noopener\" data-reiki-hidden=\"true\"><i  class=\"fa icon fa-globe gray\"><\/i><\/a><\/div> <\/div><\/div> <\/div>       <\/div> <\/div><\/div><div  data-label=\"Features\" data-id=\"features--1\" data-export-id=\"features-16-card-bordered\" data-category=\"features\" class=\"features-16-card-bordered content-section content-section-spacing\" id=\"features-1\" style=\"background-color: rgb(255, 255, 255);\" data-section-ov=\"1\"><div  class=\"gridContainer\"> <div  class=\"row text-center\"><div  class=\"section-title-col\" data-type=\"column\"> <h2  class=\"\">Ils nous soutiennent !<\/h2> <p  class=\"lead\">Merci \u00e0 nos partenaires de nous soutenir pour permettre de proposer des avions aux sportifs de tous pays!<\/p><\/div> <\/div> <div  class=\"row spaced-cols content-center-sm center-sm\" data-type=\"row\"> <div  class=\"col-xs-12 col-sm-6 col-md-6 \"> <div  class=\"card no-padding bordered y-move\"> <img decoding=\"async\"  class=\"face\" src=\"http:\/\/www.varloteaux.org\/fva\/wp-content\/uploads\/2019\/11\/airpull-website.jpg\" alt=\"\" title=\"airpull-website\"> <div  data-type=\"column\" class=\"col-padding-small col-padding-small-xs description-container\"> <h4  class=\"font-500\" style=\"text-align: center;\">AIRPULL AVIATION ACADEMY<\/h4> <p  class=\"\">Airpull Aviation Academy is an Approved Training Organization (ATO) by the European Aviation Safety Agency (EASA) dedicated to teaching of aeronautics since 2004.<\/p><\/div> <div  data-type=\"column\" class=\"col-padding-small col-padding-small-xs read-more-container\"><a class=\"button color6\" href=\"https:\/\/airpullaviationacademy.com\" target=\"_blank\" data-cp-link=\"1\" data-icon=\"fa-arrow-circle-o-right\" marked=\"1\" rel=\"noopener\"><span  class=\"button-icon fa fa-arrow-circle-o-right\"><\/span>WEBSITE<\/a><\/div> <\/div><\/div>   <\/div><\/div> <\/div><div  data-label=\"Features\" data-id=\"features--2\" data-export-id=\"features-16\" data-category=\"features\" class=\"features-16 content-section content-section-spacing\" id=\"features-2\" style=\"background-color: rgb(245, 250, 253);\"><div  class=\"gridContainer\"> <div  class=\"row text-center\"><div  class=\"section-title-col\" data-type=\"column\"> <h2  class=\"\">Un monde d\u2019acrobatie !<\/h2> <p  class=\"lead\">Visitez les sites des f\u00e9d\u00e9rations et associations qui parlent de voltige a\u00e9rienne.<\/p><\/div> <\/div> <div  class=\"row spaced-cols content-center-sm center-sm\" data-type=\"row\"> <div  class=\"col-xs-12 col-sm-6 col-md-4 space-bottom\"> <img decoding=\"async\"  class=\"face\" src=\"http:\/\/www.varloteaux.org\/fva\/wp-content\/uploads\/2019\/11\/CIVA.jpg\" alt=\"\" title=\"CIVA\"> <div  data-type=\"column\" class=\"col-padding-small col-padding-small-xs description-container\"> <h4  class=\"font-500\">FAI\/CIVA<\/h4> <p  class=\"\">Le site officiel de la Commission Internationale pour la Voltige A\u00e9rienne<\/p> <a class=\"button color1\" href=\"https:\/\/www.fai.org\/commission\/civa\" target=\"_blank\" data-cp-link=\"1\" data-icon=\"\" marked=\"1\" rel=\"noopener\"><span  class=\"button-icon fa\"><\/span>WEBSITE<\/a><\/div> <\/div> <div  class=\"col-xs-12 col-sm-6 col-md-4 space-bottom\"> <img decoding=\"async\"  class=\"face\" src=\"http:\/\/www.varloteaux.org\/fva\/wp-content\/uploads\/2019\/11\/civa-news-website.jpg\" alt=\"\" title=\"civa-news-website\"> <div  data-type=\"column\" class=\"col-padding-small col-padding-small-xs description-container\"> <h4  class=\"font-500\">CIVA NEWS<\/h4> <p  class=\"\">Tout sur la voltige a\u00e9rienne en comp\u00e9tition: r\u00e9glements, futures comp\u00e9titions, etc\u2026<\/p> <a class=\"button color1\" href=\"https:\/\/civa-news.com\" target=\"_blank\" data-cp-link=\"1\" data-icon=\"\" marked=\"1\" rel=\"noopener\">WEBSITE<\/a><\/div> <\/div> <div  class=\"col-xs-12 col-sm-6 col-md-4 space-bottom\"> <img decoding=\"async\"  class=\"face\" src=\"http:\/\/www.varloteaux.org\/fva\/wp-content\/uploads\/2019\/11\/civa-results-website.jpg\" alt=\"\" title=\"civa-results-website\"> <div  data-type=\"column\" class=\"col-padding-small col-padding-small-xs description-container\"> <h4  class=\"font-500\">CIVA RESULTS<\/h4> <p  class=\"\">Tous les r\u00e9sultats des comp\u00e9titions internationales depuis des ann\u00e9es!<\/p> <a class=\"button color1\" href=\"https:\/\/www.civa-results.com\" target=\"_blank\" data-cp-link=\"1\" data-icon=\"\" marked=\"1\" rel=\"noopener\">WEBSITE<\/a><\/div> <\/div><\/div> <\/div><\/div><div  data-label=\"Features\" data-id=\"features--3\" data-export-id=\"features-16-card-bordered\" data-category=\"features\" class=\"features-16-card-bordered content-section content-section-spacing\" id=\"features-3\" style=\"background-color: rgb(255, 255, 255); background-image: url(&quot;http:\/\/www.varloteaux.org\/fva\/wp-content\/uploads\/2019\/11\/201908_Photo-avions-FVA-029.jpg&quot;); background-size: cover; background-position: center top;\" data-section-ov=\"1\"><div  class=\"gridContainer\">  <div  class=\"row spaced-cols content-center-sm center-sm\" data-type=\"row\"> <div  class=\"col-xs-12 col-sm-6 col-md-3 \"> <div  class=\"card no-padding bordered y-move\">  <div  data-type=\"column\" class=\"col-padding-small col-padding-small-xs description-container\">  <h3  class=\"\">FFA<\/h3><img decoding=\"async\"  class=\"custom-image\" src=\"http:\/\/www.varloteaux.org\/fva\/wp-content\/uploads\/2019\/11\/logo-ffa-square-225px.jpeg\" alt=\"\" title=\"logo-ffa-square-225px\"><p  class=\"\"><span  style=\"font-weight: 400;\">Le site de la F\u00e9d\u00e9ration Fran\u00e7aise A\u00e9ronautique<\/span><\/p><\/div> <div  data-type=\"column\" class=\"col-padding-small col-padding-small-xs read-more-container\"><a class=\"button small force-shadow color7 dark-text\" href=\"https:\/\/www.ffa-aero.fr\/FR\/Federation_Aeronautique.awp\" target=\"_blank\" data-cp-link=\"1\" data-icon=\"fa-globe\" marked=\"1\" rel=\"noopener\"><span  class=\"button-icon fa fa-globe\"><\/span>WEBSITE<\/a><\/div> <\/div><\/div>   <div  class=\"col-xs-12 col-sm-6 col-md-3\"> <div  class=\"card no-padding bordered y-move\">  <div  data-type=\"column\" class=\"col-padding-small col-padding-small-xs description-container\">  <h3  class=\"\">COM JUG FFA<\/h3><img decoding=\"async\"  class=\"custom-image\" src=\"http:\/\/www.varloteaux.org\/fva\/wp-content\/uploads\/2019\/11\/logo-ffa-sport-aeriens.jpeg\" alt=\"\" title=\"logo-ffa-sport-aeriens\"><p  class=\"\"><span  style=\"font-weight: 400;\">Le site de la Commission Jugement France<\/span><\/p><\/div> <div  data-type=\"column\" class=\"col-padding-small col-padding-small-xs read-more-container\"><a class=\"button small force-shadow color7 dark-text\" href=\"http:\/\/ffa-voltigejuge.fr\" target=\"_blank\" data-cp-link=\"1\" data-icon=\"fa-globe\" marked=\"1\" rel=\"noopener\"><span  class=\"button-icon fa fa-globe\"><\/span>WEBSITE<\/a><\/div> <\/div><\/div><div  class=\"col-xs-12 col-sm-6 col-md-3\"> <div  class=\"card no-padding bordered y-move\">  <div  data-type=\"column\" class=\"col-padding-small col-padding-small-xs description-container\">  <h3  class=\"\">IAC<\/h3><img decoding=\"async\"  class=\"custom-image\" src=\"http:\/\/www.varloteaux.org\/fva\/wp-content\/uploads\/2019\/11\/logo-iac.png\" alt=\"\" title=\"logo-iac\"><p  class=\"\"><span  style=\"font-weight: 400;\">Le site de l\u2019International Aerobatics Club<\/span><\/p><\/div> <div  data-type=\"column\" class=\"col-padding-small col-padding-small-xs read-more-container\"><a class=\"button small force-shadow color7 dark-text\" href=\"https:\/\/www.iac.org\" target=\"_self\" data-cp-link=\"1\" data-icon=\"fa-globe\" marked=\"1\" rel=\"noopener\"><span  class=\"button-icon fa fa-globe\"><\/span>WEBSITE<\/a><\/div> <\/div><\/div><div  class=\"col-xs-12 col-sm-6 col-md-3\"> <div  class=\"card no-padding bordered y-move\">  <div  data-type=\"column\" class=\"col-padding-small col-padding-small-xs description-container\">  <h3  class=\"\">BAEA<\/h3><img decoding=\"async\"  class=\"custom-image\" src=\"http:\/\/www.varloteaux.org\/fva\/wp-content\/uploads\/2019\/11\/logo-baea-square225px.jpeg\" alt=\"\" title=\"logo-baea-square225px\"><p  class=\"\"><span  style=\"font-weight: 400;\">Le site de la British Aerobatics Association<\/span><\/p><\/div> <div  data-type=\"column\" class=\"col-padding-small col-padding-small-xs read-more-container\"><a class=\"button small force-shadow color7 dark-text\" href=\"#\" target=\"_self\" data-cp-link=\"1\" data-icon=\"fa-globe\" marked=\"1\" rel=\"noopener\"><span  class=\"button-icon fa fa-globe\"><\/span>WEBSITE<\/a><\/div> <\/div><\/div><\/div><\/div> <\/div><div  data-label=\"Team\" data-id=\"team--1\" data-export-id=\"team-3\" data-category=\"team\" class=\"team-3 content-section content-section-spacing\" id=\"team-1\" style=\"background-color: rgb(245, 250, 253);\"><div  class=\"gridContainer\"> <div  class=\"row space-bottom text-center\"><div  data-type=\"column\" class=\"section-title-col col-xs-12 col-sm-12\"> <h2  class=\"\">Les voltigeurs et leurs amis SONT SUR LA TOILE\u2026<\/h2> <p  class=\"\">Consultez les sites web de nos amis pilotes et autres passionn\u00e9s de voltige !<\/p><\/div> <\/div> <div  data-type=\"row\" class=\"row spaced-cols center-sm content-center-sm\"> <div  class=\"col-xs-12 col-sm-6 portfolio-item col-md-3\"> <div  data-hover-fx=\"portfolio-1\" class=\"contentswap-effect visible cs-portfolio-1\"> <div  class=\"initial-image\"> <img decoding=\"async\"  data-size=\"500x500\" src=\"http:\/\/www.varloteaux.org\/fva\/wp-content\/uploads\/2019\/11\/pva-website.jpg\"><\/div> <div  class=\"overlay grad-180-transparent-color6\"><\/div> <div  class=\"swap-inner col-xs-12\"> <div  class=\"row full-height-row bottom-xs\"> <div  class=\"col-xs-12 text-center content-holder\"> <h4  class=\"color-white font-500\">PIERRE VARLOTEAUX AEROBATICS<\/h4> <p  class=\"small color-white\" style=\"font-style: italic;\">Entraineur \/ Coach<\/p><\/div> <\/div><\/div> <\/div><a class=\"button small force-shadow color6 round outline\" href=\"http:\/\/www.varloteaux.org\/aerobatics\" target=\"_blank\" data-cp-link=\"1\" data-icon=\"fa-globe\" marked=\"1\" rel=\"noopener\"><span class=\"button-icon fa fa-globe\" ><\/span>WEBSITE<\/a><\/div><div  class=\"col-xs-12 col-sm-6 portfolio-item col-md-3\"> <div  data-hover-fx=\"portfolio-1\" class=\"contentswap-effect visible cs-portfolio-1\" style=\"position: relative; top: 0px; left: 0px;\"> <div  class=\"initial-image\"> <img decoding=\"async\"  data-size=\"500x500\" src=\"http:\/\/www.varloteaux.org\/fva\/wp-content\/uploads\/2019\/11\/salome-gilles-website.jpg\"><\/div> <div  class=\"overlay grad-180-transparent-color6\"><\/div> <div  class=\"swap-inner col-xs-12\"> <div  class=\"row full-height-row bottom-xs\"> <div  class=\"col-xs-12 text-center content-holder\"> <h4  class=\"color-white font-500\">SALOME GILLES<\/h4> <p  class=\"small color-white\" style=\"font-style: italic;\">Pilote de voltige<\/p><\/div> <\/div><\/div> <\/div><a class=\"button small force-shadow color6 round outline\" href=\"https:\/\/www.salomegilles.com\" target=\"_blank\" data-cp-link=\"1\" data-icon=\"fa-globe\" marked=\"1\" rel=\"noopener\"><span class=\"button-icon fa fa-globe\" ><\/span>WEBSITE<\/a><\/div><div  class=\"col-xs-12 col-sm-6 portfolio-item col-md-3\"> <div  data-hover-fx=\"portfolio-1\" class=\"contentswap-effect visible cs-portfolio-1\"> <div  class=\"initial-image\"> <img decoding=\"async\"  data-size=\"500x500\" src=\"http:\/\/www.varloteaux.org\/fva\/wp-content\/uploads\/2022\/01\/yakkers.jpg\"><\/div> <div  class=\"overlay grad-180-transparent-color6\"><\/div> <div  class=\"swap-inner col-xs-12\"> <div  class=\"row full-height-row bottom-xs\"> <div  class=\"col-xs-12 text-center content-holder\"> <h4  class=\"color-white font-500\">Dan Stefanescu<\/h4> <p  class=\"small color-white\" style=\"font-style: italic;\">Pilote de voltige et de shows<\/p><\/div> <\/div><\/div> <\/div><a class=\"button small force-shadow color6 round outline\" href=\"https:\/\/www.facebook.com\/iacariiacrobati.aerobaticyakers?hc_ref=ARTAql7QhlcBvlix19PsUJSZf8lRww2dsVJKQgNPodydRcRDwdBnrYlTGGO3goCf8pY&amp;fref=nf\" target=\"_blank\" data-cp-link=\"1\" data-icon=\"fa-facebook-square\" marked=\"1\" rel=\"noopener\"><span class=\"button-icon fa fa-facebook-square\" ><\/span>PAGE<\/a><\/div><div  class=\"col-xs-12 col-sm-6 portfolio-item col-md-3\"> <div  data-hover-fx=\"portfolio-1\" class=\"contentswap-effect visible cs-portfolio-1\" style=\"position: relative; top: 0px; left: 0px;\"> <div  class=\"initial-image\"> <img decoding=\"async\"  data-size=\"500x500\" src=\"http:\/\/www.varloteaux.org\/fva\/wp-content\/uploads\/2019\/11\/airmel-website.jpg\"><\/div> <div  class=\"overlay\"><\/div> <div  class=\"swap-inner col-xs-12\"> <div  class=\"row full-height-row bottom-xs\"> <div  class=\"col-xs-12 text-center content-holder\"> <h4  class=\"color-white font-500\">M\u00e9lanie Astles<\/h4> <p  class=\"small color-white\" style=\"font-style: italic;\">Pilote de voltige et de course<\/p><\/div> <\/div><\/div> <\/div><a class=\"button small force-shadow color6 round outline\" href=\"http:\/\/melanieastles.com\" target=\"_blank\" data-cp-link=\"1\" data-icon=\"fa-arrow-circle-o-right\" marked=\"1\" rel=\"noopener\"><span class=\"button-icon fa fa-arrow-circle-o-right\" ><\/span>WEBSITE<\/a><\/div>        <\/div><\/div> <\/div>","protected":false},"excerpt":{"rendered":"<p>PIERRE VARLOTEAUX AEROBATICS pierre.varloteaux@gmail.com +33 614 49 18 38 ROMAIN FHAL AEROBATICSromain.fhal@gmail.com +33 79 86 23 25 Ils nous soutiennent ! Merci \u00e0 nos partenaires de nous soutenir pour permettre de proposer des avions aux sportifs de tous pays! AIRPULL AVIATION ACADEMY Airpull Aviation Academy is an Approved Training Organization (ATO) by the European Aviation&hellip; <br \/> <a class=\"read-more\" href=\"http:\/\/www.varloteaux.org\/fva\/links\/\">Lire la suite<\/a><\/p>\n","protected":false},"author":1,"featured_media":0,"parent":0,"menu_order":0,"comment_status":"closed","ping_status":"closed","template":"pro\/page-templates\/full-width-page.php","meta":[],"yoast_head":"<!-- This site is optimized with the Yoast SEO plugin v20.7 - https:\/\/yoast.com\/wordpress\/plugins\/seo\/ -->\n<title>Links - FHAL VARLOTEAUX AIRCRAFT<\/title>\n<meta name=\"robots\" content=\"index, follow, max-snippet:-1, max-image-preview:large, max-video-preview:-1\" \/>\n<link rel=\"canonical\" href=\"https:\/\/www.varloteaux.org\/fva\/links\/\" \/>\n<meta property=\"og:locale\" content=\"fr_FR\" \/>\n<meta property=\"og:type\" content=\"article\" \/>\n<meta property=\"og:title\" content=\"Links - FHAL VARLOTEAUX AIRCRAFT\" \/>\n<meta property=\"og:description\" content=\"PIERRE VARLOTEAUX AEROBATICS pierre.varloteaux@gmail.com +33 614 49 18 38 ROMAIN FHAL AEROBATICSromain.fhal@gmail.com +33 79 86 23 25 Ils nous soutiennent ! Merci \u00e0 nos partenaires de nous soutenir pour permettre de proposer des avions aux sportifs de tous pays! AIRPULL AVIATION ACADEMY Airpull Aviation Academy is an Approved Training Organization (ATO) by the European Aviation&hellip; Lire la suite\" \/>\n<meta property=\"og:url\" content=\"https:\/\/www.varloteaux.org\/fva\/links\/\" \/>\n<meta property=\"og:site_name\" content=\"FHAL VARLOTEAUX AIRCRAFT\" \/>\n<meta property=\"article:modified_time\" content=\"2022-01-20T14:12:14+00:00\" \/>\n<meta property=\"og:image\" content=\"http:\/\/www.varloteaux.org\/fva\/wp-content\/uploads\/2019\/11\/cropped-pierre-portrait-4-2.jpg\" \/>\n<meta name=\"twitter:card\" content=\"summary_large_image\" \/>\n<meta name=\"twitter:label1\" content=\"Dur\u00e9e de lecture estim\u00e9e\" \/>\n\t<meta name=\"twitter:data1\" content=\"1 minute\" \/>\n<script type=\"application\/ld+json\" class=\"yoast-schema-graph\">{\"@context\":\"https:\/\/schema.org\",\"@graph\":[{\"@type\":\"WebPage\",\"@id\":\"https:\/\/www.varloteaux.org\/fva\/links\/\",\"url\":\"https:\/\/www.varloteaux.org\/fva\/links\/\",\"name\":\"Links - FHAL VARLOTEAUX AIRCRAFT\",\"isPartOf\":{\"@id\":\"http:\/\/www.varloteaux.org\/fva\/#website\"},\"datePublished\":\"2019-11-22T11:40:41+00:00\",\"dateModified\":\"2022-01-20T14:12:14+00:00\",\"breadcrumb\":{\"@id\":\"https:\/\/www.varloteaux.org\/fva\/links\/#breadcrumb\"},\"inLanguage\":\"fr-FR\",\"potentialAction\":[{\"@type\":\"ReadAction\",\"target\":[\"https:\/\/www.varloteaux.org\/fva\/links\/\"]}]},{\"@type\":\"BreadcrumbList\",\"@id\":\"https:\/\/www.varloteaux.org\/fva\/links\/#breadcrumb\",\"itemListElement\":[{\"@type\":\"ListItem\",\"position\":1,\"name\":\"Home\",\"item\":\"http:\/\/www.varloteaux.org\/fva\/\"},{\"@type\":\"ListItem\",\"position\":2,\"name\":\"Links\"}]},{\"@type\":\"WebSite\",\"@id\":\"http:\/\/www.varloteaux.org\/fva\/#website\",\"url\":\"http:\/\/www.varloteaux.org\/fva\/\",\"name\":\"FHAL VARLOTEAUX AIRCRAFT\",\"description\":\"SOLUTIONS FOR AEROBATICS\",\"potentialAction\":[{\"@type\":\"SearchAction\",\"target\":{\"@type\":\"EntryPoint\",\"urlTemplate\":\"http:\/\/www.varloteaux.org\/fva\/?s={search_term_string}\"},\"query-input\":\"required name=search_term_string\"}],\"inLanguage\":\"fr-FR\"}]}<\/script>\n<!-- \/ Yoast SEO plugin. -->","yoast_head_json":{"title":"Links - FHAL VARLOTEAUX AIRCRAFT","robots":{"index":"index","follow":"follow","max-snippet":"max-snippet:-1","max-image-preview":"max-image-preview:large","max-video-preview":"max-video-preview:-1"},"canonical":"https:\/\/www.varloteaux.org\/fva\/links\/","og_locale":"fr_FR","og_type":"article","og_title":"Links - FHAL VARLOTEAUX AIRCRAFT","og_description":"PIERRE VARLOTEAUX AEROBATICS pierre.varloteaux@gmail.com +33 614 49 18 38 ROMAIN FHAL AEROBATICSromain.fhal@gmail.com +33 79 86 23 25 Ils nous soutiennent ! Merci \u00e0 nos partenaires de nous soutenir pour permettre de proposer des avions aux sportifs de tous pays! AIRPULL AVIATION ACADEMY Airpull Aviation Academy is an Approved Training Organization (ATO) by the European Aviation&hellip; Lire la suite","og_url":"https:\/\/www.varloteaux.org\/fva\/links\/","og_site_name":"FHAL VARLOTEAUX AIRCRAFT","article_modified_time":"2022-01-20T14:12:14+00:00","og_image":[{"url":"http:\/\/www.varloteaux.org\/fva\/wp-content\/uploads\/2019\/11\/cropped-pierre-portrait-4-2.jpg"}],"twitter_card":"summary_large_image","twitter_misc":{"Dur\u00e9e de lecture estim\u00e9e":"1 minute"},"schema":{"@context":"https:\/\/schema.org","@graph":[{"@type":"WebPage","@id":"https:\/\/www.varloteaux.org\/fva\/links\/","url":"https:\/\/www.varloteaux.org\/fva\/links\/","name":"Links - FHAL VARLOTEAUX AIRCRAFT","isPartOf":{"@id":"http:\/\/www.varloteaux.org\/fva\/#website"},"datePublished":"2019-11-22T11:40:41+00:00","dateModified":"2022-01-20T14:12:14+00:00","breadcrumb":{"@id":"https:\/\/www.varloteaux.org\/fva\/links\/#breadcrumb"},"inLanguage":"fr-FR","potentialAction":[{"@type":"ReadAction","target":["https:\/\/www.varloteaux.org\/fva\/links\/"]}]},{"@type":"BreadcrumbList","@id":"https:\/\/www.varloteaux.org\/fva\/links\/#breadcrumb","itemListElement":[{"@type":"ListItem","position":1,"name":"Home","item":"http:\/\/www.varloteaux.org\/fva\/"},{"@type":"ListItem","position":2,"name":"Links"}]},{"@type":"WebSite","@id":"http:\/\/www.varloteaux.org\/fva\/#website","url":"http:\/\/www.varloteaux.org\/fva\/","name":"FHAL VARLOTEAUX AIRCRAFT","description":"SOLUTIONS FOR AEROBATICS","potentialAction":[{"@type":"SearchAction","target":{"@type":"EntryPoint","urlTemplate":"http:\/\/www.varloteaux.org\/fva\/?s={search_term_string}"},"query-input":"required name=search_term_string"}],"inLanguage":"fr-FR"}]}},"_links":{"self":[{"href":"http:\/\/www.varloteaux.org\/fva\/wp-json\/wp\/v2\/pages\/145"}],"collection":[{"href":"http:\/\/www.varloteaux.org\/fva\/wp-json\/wp\/v2\/pages"}],"about":[{"href":"http:\/\/www.varloteaux.org\/fva\/wp-json\/wp\/v2\/types\/page"}],"author":[{"embeddable":true,"href":"http:\/\/www.varloteaux.org\/fva\/wp-json\/wp\/v2\/users\/1"}],"replies":[{"embeddable":true,"href":"http:\/\/www.varloteaux.org\/fva\/wp-json\/wp\/v2\/comments?post=145"}],"version-history":[{"count":40,"href":"http:\/\/www.varloteaux.org\/fva\/wp-json\/wp\/v2\/pages\/145\/revisions"}],"predecessor-version":[{"id":881,"href":"http:\/\/www.varloteaux.org\/fva\/wp-json\/wp\/v2\/pages\/145\/revisions\/881"}],"wp:attachment":[{"href":"http:\/\/www.varloteaux.org\/fva\/wp-json\/wp\/v2\/media?parent=145"}],"curies":[{"name":"wp","href":"https:\/\/api.w.org\/{rel}","templated":true}]}}